{"id":442,"date":"2025-09-17T22:26:24","date_gmt":"2025-09-17T20:26:24","guid":{"rendered":"https:\/\/rubi.com.py\/index.php\/producto\/smart-tv-tokyo-google-tv-50-4k-frameless-c-chromecast-incluido\/"},"modified":"2026-04-23T21:47:56","modified_gmt":"2026-04-23T19:47:56","slug":"smart-tv-tokyo-google-tv-50-4k-frameless-c-chromecast-incluido","status":"publish","type":"product","link":"https:\/\/rubi.com.py\/index.php\/producto\/smart-tv-tokyo-google-tv-50-4k-frameless-c-chromecast-incluido\/","title":{"rendered":"SMART TV TOKYO GOOGLE TV 50 4K FRAMELESS C\/ CHROMECAST INCLUIDO"},"content":{"rendered":"<p>* Sistema Operativo Google TV.<\/p>\n<p>* Chromecast incorporado.<\/p>\n<p>* Resoluci\u00f3n UHD 4K 3840&#215;2160.<\/p>\n<p>* Bordes Frameless ultra delgados.<\/p>\n<p>* RAM 2GB.<\/p>\n<p>* Memoria 8Gb.<\/p>\n<p>* WiFi. * Puertos 1 Red, 4 HDMI, 2 USB.<\/p>\n<p>Im\u00e1genes meramente ilustrativas. Im\u00e1genes e informaci\u00f3n sujetas a cambios sin previo aviso.<\/p>\n<p>Detalles t\u00e9cnicos: \u2022 ANCHO: 118,5 CM \u2022 ALTO: 13,5 CM \u2022 LARGO: 73,5 CM \u2022 PESO: 12000 GR<\/p>\n","protected":false},"excerpt":{"rendered":"<p>* Sistema Operativo Google TV. * Chromecast incorporado. * Resoluci\u00f3n UHD 4K 3840&#215;2160. * Bordes Frameless ultra delgados. * RAM 2GB. * Memoria 8Gb. * WiFi. * Puertos 1 Red, 4 HDMI, 2 USB. Im\u00e1genes meramente ilustrativas. Im\u00e1genes e informaci\u00f3n sujetas a cambios sin previo aviso.<\/p>\n","protected":false},"featured_media":5224,"comment_status":"open","ping_status":"closed","template":"","meta":{"_et_pb_use_builder":"","_et_pb_old_content":"","_et_gb_content_width":""},"product_brand":[],"product_cat":[47,46],"product_tag":[],"class_list":{"0":"post-442","1":"product","2":"type-product","3":"status-publish","4":"has-post-thumbnail","6":"product_cat-destacados","7":"product_cat-tecnologia","9":"first","10":"instock","11":"shipping-taxable","12":"purchasable","13":"product-type-simple"},"_links":{"self":[{"href":"https:\/\/rubi.com.py\/index.php\/wp-json\/wp\/v2\/product\/442","targetHints":{"allow":["GET"]}}],"collection":[{"href":"https:\/\/rubi.com.py\/index.php\/wp-json\/wp\/v2\/product"}],"about":[{"href":"https:\/\/rubi.com.py\/index.php\/wp-json\/wp\/v2\/types\/product"}],"replies":[{"embeddable":true,"href":"https:\/\/rubi.com.py\/index.php\/wp-json\/wp\/v2\/comments?post=442"}],"wp:featuredmedia":[{"embeddable":true,"href":"https:\/\/rubi.com.py\/index.php\/wp-json\/wp\/v2\/media\/5224"}],"wp:attachment":[{"href":"https:\/\/rubi.com.py\/index.php\/wp-json\/wp\/v2\/media?parent=442"}],"wp:term":[{"taxonomy":"product_brand","embeddable":true,"href":"https:\/\/rubi.com.py\/index.php\/wp-json\/wp\/v2\/product_brand?post=442"},{"taxonomy":"product_cat","embeddable":true,"href":"https:\/\/rubi.com.py\/index.php\/wp-json\/wp\/v2\/product_cat?post=442"},{"taxonomy":"product_tag","embeddable":true,"href":"https:\/\/rubi.com.py\/index.php\/wp-json\/wp\/v2\/product_tag?post=442"}],"curies":[{"name":"wp","href":"https:\/\/api.w.org\/{rel}","templated":true}]}}