{"id":4428,"date":"2026-04-20T14:39:47","date_gmt":"2026-04-20T12:39:47","guid":{"rendered":"https:\/\/rubi.com.py\/index.php\/producto\/switch-hdmi-3x1-ksw-100\/"},"modified":"2026-04-20T14:40:58","modified_gmt":"2026-04-20T12:40:58","slug":"switch-hdmi-3x1-ksw-100","status":"publish","type":"product","link":"https:\/\/rubi.com.py\/index.php\/producto\/switch-hdmi-3x1-ksw-100\/","title":{"rendered":"SWITCH HDMI 3X1 KSW-100"},"content":{"rendered":"<p>SWITCH HDMI 3X1 KSW-100 Caracter\u00edsticas: -HDMI 3 en 1 -Soporta dispositivos 3D. -Incluye control remoto. -Tres m\u00f3dulos: Autom\u00e1tico, manual o remoto. -Alto rendimiento. -Compatible con HDMI 1.3b<\/p>\n","protected":false},"excerpt":{"rendered":"<p>SWITCH HDMI 3X1 KSW-100<\/p>\n","protected":false},"featured_media":4429,"comment_status":"open","ping_status":"closed","template":"","meta":{"_et_pb_use_builder":"","_et_pb_old_content":"","_et_gb_content_width":""},"product_brand":[],"product_cat":[46],"product_tag":[],"class_list":{"0":"post-4428","1":"product","2":"type-product","3":"status-publish","4":"has-post-thumbnail","6":"product_cat-tecnologia","8":"first","9":"instock","10":"shipping-taxable","11":"purchasable","12":"product-type-simple"},"_links":{"self":[{"href":"https:\/\/rubi.com.py\/index.php\/wp-json\/wp\/v2\/product\/4428","targetHints":{"allow":["GET"]}}],"collection":[{"href":"https:\/\/rubi.com.py\/index.php\/wp-json\/wp\/v2\/product"}],"about":[{"href":"https:\/\/rubi.com.py\/index.php\/wp-json\/wp\/v2\/types\/product"}],"replies":[{"embeddable":true,"href":"https:\/\/rubi.com.py\/index.php\/wp-json\/wp\/v2\/comments?post=4428"}],"wp:featuredmedia":[{"embeddable":true,"href":"https:\/\/rubi.com.py\/index.php\/wp-json\/wp\/v2\/media\/4429"}],"wp:attachment":[{"href":"https:\/\/rubi.com.py\/index.php\/wp-json\/wp\/v2\/media?parent=4428"}],"wp:term":[{"taxonomy":"product_brand","embeddable":true,"href":"https:\/\/rubi.com.py\/index.php\/wp-json\/wp\/v2\/product_brand?post=4428"},{"taxonomy":"product_cat","embeddable":true,"href":"https:\/\/rubi.com.py\/index.php\/wp-json\/wp\/v2\/product_cat?post=4428"},{"taxonomy":"product_tag","embeddable":true,"href":"https:\/\/rubi.com.py\/index.php\/wp-json\/wp\/v2\/product_tag?post=4428"}],"curies":[{"name":"wp","href":"https:\/\/api.w.org\/{rel}","templated":true}]}}