{"id":4449,"date":"2026-04-20T14:50:56","date_gmt":"2026-04-20T12:50:56","guid":{"rendered":"https:\/\/rubi.com.py\/index.php\/producto\/popera-nappo-220-240-60hz-nepo-027-1200w\/"},"modified":"2026-04-20T14:50:56","modified_gmt":"2026-04-20T12:50:56","slug":"popera-nappo-220-240-60hz-nepo-027-1200w","status":"publish","type":"product","link":"https:\/\/rubi.com.py\/index.php\/producto\/popera-nappo-220-240-60hz-nepo-027-1200w\/","title":{"rendered":"POPERA NAPPO 220-240 60HZ NEPO-027 1200W"},"content":{"rendered":"<p>POPERA NAPPO 220-240 60HZ NEPO-027 1200W Caracter\u00edsticas: -Pororo listo en 3 minutos. -Sistema de aire caliente: m\u00e1s saludable -Pr\u00e1ctica: Switch On\/Off. -Incluye taza medidora -Pies antideslizantes. -Resistente y durable. -Protecci\u00f3n contra sobrecalentamiento. -Voltaje: 220\/240 &#8211; 60Hz<\/p>\n","protected":false},"excerpt":{"rendered":"<p>POPERA NAPPO 220-240 60HZ NEPO-027 1200W<\/p>\n","protected":false},"featured_media":4448,"comment_status":"open","ping_status":"closed","template":"","meta":{"_et_pb_use_builder":"","_et_pb_old_content":"","_et_gb_content_width":""},"product_brand":[],"product_cat":[33],"product_tag":[],"class_list":{"0":"post-4449","1":"product","2":"type-product","3":"status-publish","4":"has-post-thumbnail","6":"product_cat-cocina-y-comedor","8":"first","9":"instock","10":"shipping-taxable","11":"purchasable","12":"product-type-simple"},"_links":{"self":[{"href":"https:\/\/rubi.com.py\/index.php\/wp-json\/wp\/v2\/product\/4449","targetHints":{"allow":["GET"]}}],"collection":[{"href":"https:\/\/rubi.com.py\/index.php\/wp-json\/wp\/v2\/product"}],"about":[{"href":"https:\/\/rubi.com.py\/index.php\/wp-json\/wp\/v2\/types\/product"}],"replies":[{"embeddable":true,"href":"https:\/\/rubi.com.py\/index.php\/wp-json\/wp\/v2\/comments?post=4449"}],"wp:featuredmedia":[{"embeddable":true,"href":"https:\/\/rubi.com.py\/index.php\/wp-json\/wp\/v2\/media\/4448"}],"wp:attachment":[{"href":"https:\/\/rubi.com.py\/index.php\/wp-json\/wp\/v2\/media?parent=4449"}],"wp:term":[{"taxonomy":"product_brand","embeddable":true,"href":"https:\/\/rubi.com.py\/index.php\/wp-json\/wp\/v2\/product_brand?post=4449"},{"taxonomy":"product_cat","embeddable":true,"href":"https:\/\/rubi.com.py\/index.php\/wp-json\/wp\/v2\/product_cat?post=4449"},{"taxonomy":"product_tag","embeddable":true,"href":"https:\/\/rubi.com.py\/index.php\/wp-json\/wp\/v2\/product_tag?post=4449"}],"curies":[{"name":"wp","href":"https:\/\/api.w.org\/{rel}","templated":true}]}}