{"id":4453,"date":"2026-04-20T14:52:25","date_gmt":"2026-04-20T12:52:25","guid":{"rendered":"https:\/\/rubi.com.py\/index.php\/producto\/travel-mug-500ml-doble-pared-azul-petroleo\/"},"modified":"2026-04-20T14:52:25","modified_gmt":"2026-04-20T12:52:25","slug":"travel-mug-500ml-doble-pared-azul-petroleo","status":"publish","type":"product","link":"https:\/\/rubi.com.py\/index.php\/producto\/travel-mug-500ml-doble-pared-azul-petroleo\/","title":{"rendered":"TRAVEL MUG 500ML DOBLE PARED AZUL PETROLEO"},"content":{"rendered":"<p>TRAVEL MUG 500ML DOBLE PARED AZUL PETROLEO Caracter\u00edsticas: -Capacidad en volumen: 500 mL -Tiempo de conservaci\u00f3n de la bebida fr\u00eda: 5h. -Tiempo de conservaci\u00f3n de la bebida caliente: 4h. -Material: acero inoxidable. -Incluye tapa. -Cuenta con doble pared de aislamiento. -Es libre de BPA.<\/p>\n","protected":false},"excerpt":{"rendered":"<p>TRAVEL MUG 500ML DOBLE PARED AZUL PETROLEO<\/p>\n","protected":false},"featured_media":4452,"comment_status":"open","ping_status":"closed","template":"","meta":{"_et_pb_use_builder":"","_et_pb_old_content":"","_et_gb_content_width":""},"product_brand":[],"product_cat":[33],"product_tag":[],"class_list":{"0":"post-4453","1":"product","2":"type-product","3":"status-publish","4":"has-post-thumbnail","6":"product_cat-cocina-y-comedor","8":"first","9":"instock","10":"shipping-taxable","11":"purchasable","12":"product-type-simple"},"_links":{"self":[{"href":"https:\/\/rubi.com.py\/index.php\/wp-json\/wp\/v2\/product\/4453","targetHints":{"allow":["GET"]}}],"collection":[{"href":"https:\/\/rubi.com.py\/index.php\/wp-json\/wp\/v2\/product"}],"about":[{"href":"https:\/\/rubi.com.py\/index.php\/wp-json\/wp\/v2\/types\/product"}],"replies":[{"embeddable":true,"href":"https:\/\/rubi.com.py\/index.php\/wp-json\/wp\/v2\/comments?post=4453"}],"wp:featuredmedia":[{"embeddable":true,"href":"https:\/\/rubi.com.py\/index.php\/wp-json\/wp\/v2\/media\/4452"}],"wp:attachment":[{"href":"https:\/\/rubi.com.py\/index.php\/wp-json\/wp\/v2\/media?parent=4453"}],"wp:term":[{"taxonomy":"product_brand","embeddable":true,"href":"https:\/\/rubi.com.py\/index.php\/wp-json\/wp\/v2\/product_brand?post=4453"},{"taxonomy":"product_cat","embeddable":true,"href":"https:\/\/rubi.com.py\/index.php\/wp-json\/wp\/v2\/product_cat?post=4453"},{"taxonomy":"product_tag","embeddable":true,"href":"https:\/\/rubi.com.py\/index.php\/wp-json\/wp\/v2\/product_tag?post=4453"}],"curies":[{"name":"wp","href":"https:\/\/api.w.org\/{rel}","templated":true}]}}