{"id":446,"date":"2025-09-17T22:26:49","date_gmt":"2025-09-17T20:26:49","guid":{"rendered":"https:\/\/rubi.com.py\/index.php\/producto\/smart-tv-tokyo-google-tv-85-4k-frameless-c-chromecast-incluido\/"},"modified":"2026-04-21T20:39:45","modified_gmt":"2026-04-21T18:39:45","slug":"smart-tv-tokyo-google-tv-85-4k-frameless-c-chromecast-incluido","status":"publish","type":"product","link":"https:\/\/rubi.com.py\/index.php\/producto\/smart-tv-tokyo-google-tv-85-4k-frameless-c-chromecast-incluido\/","title":{"rendered":"SMART TV TOKYO GOOGLE TV 85 4K FRAMELESS C\/ CHROMECAST INCLUIDO"},"content":{"rendered":"<p>* Bordes Frameless ultra delgados. * Sistema Operativo Google TV. * Chromecast incorporado. * Resoluci\u00f3n 4K. * Memoria 8Gb. * RAM 1.5GB. * WiFi. * Puertos 1 Red, 3 HDMI, 2 USB. Im\u00e1genes meramente ilustrativas. Im\u00e1genes e informaci\u00f3n sujetas a cambios sin previo aviso. Detalles t\u00e9cnicos: \u2022 ANCHO: 202,1 CM \u2022 ALTO: 16,3 CM \u2022 LARGO: 122,9 CM \u2022 PESO: 34000 GR<\/p>\n","protected":false},"excerpt":{"rendered":"<p>* Bordes Frameless ultra delgados. * Sistema Operativo Google TV. * Chromecast incorporado. * Resoluci\u00f3n 4K. * Memoria 8Gb. * RAM 1.5GB. * WiFi. * Puertos 1 Red, 3 HDMI, 2 USB. Im\u00e1genes meramente ilustrativas. Im\u00e1genes e informaci\u00f3n sujetas a cambios sin previo aviso.<\/p>\n","protected":false},"featured_media":4749,"comment_status":"open","ping_status":"closed","template":"","meta":{"_et_pb_use_builder":"","_et_pb_old_content":"","_et_gb_content_width":""},"product_brand":[],"product_cat":[46],"product_tag":[],"class_list":{"0":"post-446","1":"product","2":"type-product","3":"status-publish","4":"has-post-thumbnail","6":"product_cat-tecnologia","8":"first","9":"instock","10":"shipping-taxable","11":"purchasable","12":"product-type-simple"},"_links":{"self":[{"href":"https:\/\/rubi.com.py\/index.php\/wp-json\/wp\/v2\/product\/446","targetHints":{"allow":["GET"]}}],"collection":[{"href":"https:\/\/rubi.com.py\/index.php\/wp-json\/wp\/v2\/product"}],"about":[{"href":"https:\/\/rubi.com.py\/index.php\/wp-json\/wp\/v2\/types\/product"}],"replies":[{"embeddable":true,"href":"https:\/\/rubi.com.py\/index.php\/wp-json\/wp\/v2\/comments?post=446"}],"wp:featuredmedia":[{"embeddable":true,"href":"https:\/\/rubi.com.py\/index.php\/wp-json\/wp\/v2\/media\/4749"}],"wp:attachment":[{"href":"https:\/\/rubi.com.py\/index.php\/wp-json\/wp\/v2\/media?parent=446"}],"wp:term":[{"taxonomy":"product_brand","embeddable":true,"href":"https:\/\/rubi.com.py\/index.php\/wp-json\/wp\/v2\/product_brand?post=446"},{"taxonomy":"product_cat","embeddable":true,"href":"https:\/\/rubi.com.py\/index.php\/wp-json\/wp\/v2\/product_cat?post=446"},{"taxonomy":"product_tag","embeddable":true,"href":"https:\/\/rubi.com.py\/index.php\/wp-json\/wp\/v2\/product_tag?post=446"}],"curies":[{"name":"wp","href":"https:\/\/api.w.org\/{rel}","templated":true}]}}