{"id":4492,"date":"2026-04-20T20:41:44","date_gmt":"2026-04-20T18:41:44","guid":{"rendered":"https:\/\/rubi.com.py\/index.php\/producto\/maletin-office-kvm-317\/"},"modified":"2026-04-20T20:41:44","modified_gmt":"2026-04-20T18:41:44","slug":"maletin-office-kvm-317","status":"publish","type":"product","link":"https:\/\/rubi.com.py\/index.php\/producto\/maletin-office-kvm-317\/","title":{"rendered":"MALETIN OFFICE KVM-317"},"content":{"rendered":"<p>MALETIN OFFICE KVM-317 Caracter\u00edsticas: Adecuado para laptops hasta de 15.6&#8243; Bolsillo principal con separadores. Bolsillo frontal para r\u00e1pido y c\u00f3modo acceso. Manija y Correa.<\/p>\n","protected":false},"excerpt":{"rendered":"<p>MALETIN OFFICE KVM-317<\/p>\n","protected":false},"featured_media":4491,"comment_status":"open","ping_status":"closed","template":"","meta":{"_et_pb_use_builder":"","_et_pb_old_content":"","_et_gb_content_width":""},"product_brand":[],"product_cat":[46],"product_tag":[],"class_list":{"0":"post-4492","1":"product","2":"type-product","3":"status-publish","4":"has-post-thumbnail","6":"product_cat-tecnologia","8":"first","9":"instock","10":"shipping-taxable","11":"purchasable","12":"product-type-simple"},"_links":{"self":[{"href":"https:\/\/rubi.com.py\/index.php\/wp-json\/wp\/v2\/product\/4492","targetHints":{"allow":["GET"]}}],"collection":[{"href":"https:\/\/rubi.com.py\/index.php\/wp-json\/wp\/v2\/product"}],"about":[{"href":"https:\/\/rubi.com.py\/index.php\/wp-json\/wp\/v2\/types\/product"}],"replies":[{"embeddable":true,"href":"https:\/\/rubi.com.py\/index.php\/wp-json\/wp\/v2\/comments?post=4492"}],"wp:featuredmedia":[{"embeddable":true,"href":"https:\/\/rubi.com.py\/index.php\/wp-json\/wp\/v2\/media\/4491"}],"wp:attachment":[{"href":"https:\/\/rubi.com.py\/index.php\/wp-json\/wp\/v2\/media?parent=4492"}],"wp:term":[{"taxonomy":"product_brand","embeddable":true,"href":"https:\/\/rubi.com.py\/index.php\/wp-json\/wp\/v2\/product_brand?post=4492"},{"taxonomy":"product_cat","embeddable":true,"href":"https:\/\/rubi.com.py\/index.php\/wp-json\/wp\/v2\/product_cat?post=4492"},{"taxonomy":"product_tag","embeddable":true,"href":"https:\/\/rubi.com.py\/index.php\/wp-json\/wp\/v2\/product_tag?post=4492"}],"curies":[{"name":"wp","href":"https:\/\/api.w.org\/{rel}","templated":true}]}}