{"id":4496,"date":"2026-04-20T20:45:06","date_gmt":"2026-04-20T18:45:06","guid":{"rendered":"https:\/\/rubi.com.py\/index.php\/producto\/mouse-pad-ked-151\/"},"modified":"2026-04-20T20:45:06","modified_gmt":"2026-04-20T18:45:06","slug":"mouse-pad-ked-151","status":"publish","type":"product","link":"https:\/\/rubi.com.py\/index.php\/producto\/mouse-pad-ked-151\/","title":{"rendered":"MOUSE PAD KED-151"},"content":{"rendered":"<p>MOUSE PAD KED-151 Caracter\u00edsticas: -Base antideslizante para mejor precisi\u00f3n -Para mouse \u00f3pticos y l\u00e1ser -Dise\u00f1o cl\u00e1sico -Dimensiones: 22x20x0,3 cm<\/p>\n","protected":false},"excerpt":{"rendered":"<p>MOUSE PAD KED-151<\/p>\n","protected":false},"featured_media":4495,"comment_status":"open","ping_status":"closed","template":"","meta":{"_et_pb_use_builder":"","_et_pb_old_content":"","_et_gb_content_width":""},"product_brand":[],"product_cat":[46],"product_tag":[],"class_list":{"0":"post-4496","1":"product","2":"type-product","3":"status-publish","4":"has-post-thumbnail","6":"product_cat-tecnologia","8":"first","9":"instock","10":"shipping-taxable","11":"purchasable","12":"product-type-simple"},"_links":{"self":[{"href":"https:\/\/rubi.com.py\/index.php\/wp-json\/wp\/v2\/product\/4496","targetHints":{"allow":["GET"]}}],"collection":[{"href":"https:\/\/rubi.com.py\/index.php\/wp-json\/wp\/v2\/product"}],"about":[{"href":"https:\/\/rubi.com.py\/index.php\/wp-json\/wp\/v2\/types\/product"}],"replies":[{"embeddable":true,"href":"https:\/\/rubi.com.py\/index.php\/wp-json\/wp\/v2\/comments?post=4496"}],"wp:featuredmedia":[{"embeddable":true,"href":"https:\/\/rubi.com.py\/index.php\/wp-json\/wp\/v2\/media\/4495"}],"wp:attachment":[{"href":"https:\/\/rubi.com.py\/index.php\/wp-json\/wp\/v2\/media?parent=4496"}],"wp:term":[{"taxonomy":"product_brand","embeddable":true,"href":"https:\/\/rubi.com.py\/index.php\/wp-json\/wp\/v2\/product_brand?post=4496"},{"taxonomy":"product_cat","embeddable":true,"href":"https:\/\/rubi.com.py\/index.php\/wp-json\/wp\/v2\/product_cat?post=4496"},{"taxonomy":"product_tag","embeddable":true,"href":"https:\/\/rubi.com.py\/index.php\/wp-json\/wp\/v2\/product_tag?post=4496"}],"curies":[{"name":"wp","href":"https:\/\/api.w.org\/{rel}","templated":true}]}}