{"id":4500,"date":"2026-04-20T20:54:34","date_gmt":"2026-04-20T18:54:34","guid":{"rendered":"https:\/\/rubi.com.py\/index.php\/producto\/mouse-inalambrico-bluetrack-kem-257\/"},"modified":"2026-04-20T20:54:34","modified_gmt":"2026-04-20T18:54:34","slug":"mouse-inalambrico-bluetrack-kem-257","status":"publish","type":"product","link":"https:\/\/rubi.com.py\/index.php\/producto\/mouse-inalambrico-bluetrack-kem-257\/","title":{"rendered":"MOUSE INALAMBRICO BLUETRACK KEM-257"},"content":{"rendered":"<p>MOUSE INALAMBRICO BLUETRACK KEM-257 Caracter\u00edsticas: -Mouse inal\u00e1mbrico con tecnolog\u00eda bluetrack: funciona sobre cualquier superficie y es cuatro veces m\u00e1s r\u00e1pido que el l\u00e1ser. -Resoluci\u00f3n de 1600dpi. -Conexi\u00f3n 2.4ghz. -Receptor nano usb.<\/p>\n","protected":false},"excerpt":{"rendered":"<p>MOUSE INALAMBRICO BLUETRACK KEM-257<\/p>\n","protected":false},"featured_media":4499,"comment_status":"open","ping_status":"closed","template":"","meta":{"_et_pb_use_builder":"","_et_pb_old_content":"","_et_gb_content_width":""},"product_brand":[],"product_cat":[46],"product_tag":[],"class_list":{"0":"post-4500","1":"product","2":"type-product","3":"status-publish","4":"has-post-thumbnail","6":"product_cat-tecnologia","8":"first","9":"instock","10":"shipping-taxable","11":"purchasable","12":"product-type-simple"},"_links":{"self":[{"href":"https:\/\/rubi.com.py\/index.php\/wp-json\/wp\/v2\/product\/4500","targetHints":{"allow":["GET"]}}],"collection":[{"href":"https:\/\/rubi.com.py\/index.php\/wp-json\/wp\/v2\/product"}],"about":[{"href":"https:\/\/rubi.com.py\/index.php\/wp-json\/wp\/v2\/types\/product"}],"replies":[{"embeddable":true,"href":"https:\/\/rubi.com.py\/index.php\/wp-json\/wp\/v2\/comments?post=4500"}],"wp:featuredmedia":[{"embeddable":true,"href":"https:\/\/rubi.com.py\/index.php\/wp-json\/wp\/v2\/media\/4499"}],"wp:attachment":[{"href":"https:\/\/rubi.com.py\/index.php\/wp-json\/wp\/v2\/media?parent=4500"}],"wp:term":[{"taxonomy":"product_brand","embeddable":true,"href":"https:\/\/rubi.com.py\/index.php\/wp-json\/wp\/v2\/product_brand?post=4500"},{"taxonomy":"product_cat","embeddable":true,"href":"https:\/\/rubi.com.py\/index.php\/wp-json\/wp\/v2\/product_cat?post=4500"},{"taxonomy":"product_tag","embeddable":true,"href":"https:\/\/rubi.com.py\/index.php\/wp-json\/wp\/v2\/product_tag?post=4500"}],"curies":[{"name":"wp","href":"https:\/\/api.w.org\/{rel}","templated":true}]}}