{"id":4502,"date":"2026-04-20T20:54:51","date_gmt":"2026-04-20T18:54:51","guid":{"rendered":"https:\/\/rubi.com.py\/index.php\/producto\/mouse-optico-km-117\/"},"modified":"2026-04-20T20:54:51","modified_gmt":"2026-04-20T18:54:51","slug":"mouse-optico-km-117","status":"publish","type":"product","link":"https:\/\/rubi.com.py\/index.php\/producto\/mouse-optico-km-117\/","title":{"rendered":"MOUSE OPTICO KM-117"},"content":{"rendered":"<p>MOUSE OPTICO KM-117 Caracter\u00edsticas: -Resoluci\u00f3n 1200 dpi -Conexi\u00f3n: USB -Luz Led interna -Dise\u00f1o ergon\u00f3mico -Plug and Play<\/p>\n","protected":false},"excerpt":{"rendered":"<p>MOUSE OPTICO KM-117<\/p>\n","protected":false},"featured_media":4501,"comment_status":"open","ping_status":"closed","template":"","meta":{"_et_pb_use_builder":"","_et_pb_old_content":"","_et_gb_content_width":""},"product_brand":[],"product_cat":[46],"product_tag":[],"class_list":{"0":"post-4502","1":"product","2":"type-product","3":"status-publish","4":"has-post-thumbnail","6":"product_cat-tecnologia","8":"first","9":"instock","10":"shipping-taxable","11":"purchasable","12":"product-type-simple"},"_links":{"self":[{"href":"https:\/\/rubi.com.py\/index.php\/wp-json\/wp\/v2\/product\/4502","targetHints":{"allow":["GET"]}}],"collection":[{"href":"https:\/\/rubi.com.py\/index.php\/wp-json\/wp\/v2\/product"}],"about":[{"href":"https:\/\/rubi.com.py\/index.php\/wp-json\/wp\/v2\/types\/product"}],"replies":[{"embeddable":true,"href":"https:\/\/rubi.com.py\/index.php\/wp-json\/wp\/v2\/comments?post=4502"}],"wp:featuredmedia":[{"embeddable":true,"href":"https:\/\/rubi.com.py\/index.php\/wp-json\/wp\/v2\/media\/4501"}],"wp:attachment":[{"href":"https:\/\/rubi.com.py\/index.php\/wp-json\/wp\/v2\/media?parent=4502"}],"wp:term":[{"taxonomy":"product_brand","embeddable":true,"href":"https:\/\/rubi.com.py\/index.php\/wp-json\/wp\/v2\/product_brand?post=4502"},{"taxonomy":"product_cat","embeddable":true,"href":"https:\/\/rubi.com.py\/index.php\/wp-json\/wp\/v2\/product_cat?post=4502"},{"taxonomy":"product_tag","embeddable":true,"href":"https:\/\/rubi.com.py\/index.php\/wp-json\/wp\/v2\/product_tag?post=4502"}],"curies":[{"name":"wp","href":"https:\/\/api.w.org\/{rel}","templated":true}]}}