{"id":4542,"date":"2026-04-20T21:47:13","date_gmt":"2026-04-20T19:47:13","guid":{"rendered":"https:\/\/rubi.com.py\/index.php\/producto\/mug-travel-termico-900ml-acero-inox-blanco-selecta\/"},"modified":"2026-04-20T21:47:13","modified_gmt":"2026-04-20T19:47:13","slug":"mug-travel-termico-900ml-acero-inox-blanco-selecta","status":"publish","type":"product","link":"https:\/\/rubi.com.py\/index.php\/producto\/mug-travel-termico-900ml-acero-inox-blanco-selecta\/","title":{"rendered":"MUG TRAVEL TERMICO 900ML ACERO INOX BLANCO SELECTA"},"content":{"rendered":"<p>MUG TRAVEL TERMICO 900ML ACERO INOX BLANCO SELECTA Caracter\u00edsticas: -Tiempos de conservaci\u00f3n: -Bebidas fr\u00edas hasta 11 hrs -Bebidas calientes hasta 7 hrs -Hielo hasta 2 d\u00edas<\/p>\n","protected":false},"excerpt":{"rendered":"<p>MUG TRAVEL TERMICO 900ML ACERO INOX BLANCO SELECTA<\/p>\n","protected":false},"featured_media":4541,"comment_status":"open","ping_status":"closed","template":"","meta":{"_et_pb_use_builder":"","_et_pb_old_content":"","_et_gb_content_width":""},"product_brand":[],"product_cat":[33],"product_tag":[],"class_list":{"0":"post-4542","1":"product","2":"type-product","3":"status-publish","4":"has-post-thumbnail","6":"product_cat-cocina-y-comedor","8":"first","9":"instock","10":"shipping-taxable","11":"purchasable","12":"product-type-simple"},"_links":{"self":[{"href":"https:\/\/rubi.com.py\/index.php\/wp-json\/wp\/v2\/product\/4542","targetHints":{"allow":["GET"]}}],"collection":[{"href":"https:\/\/rubi.com.py\/index.php\/wp-json\/wp\/v2\/product"}],"about":[{"href":"https:\/\/rubi.com.py\/index.php\/wp-json\/wp\/v2\/types\/product"}],"replies":[{"embeddable":true,"href":"https:\/\/rubi.com.py\/index.php\/wp-json\/wp\/v2\/comments?post=4542"}],"wp:featuredmedia":[{"embeddable":true,"href":"https:\/\/rubi.com.py\/index.php\/wp-json\/wp\/v2\/media\/4541"}],"wp:attachment":[{"href":"https:\/\/rubi.com.py\/index.php\/wp-json\/wp\/v2\/media?parent=4542"}],"wp:term":[{"taxonomy":"product_brand","embeddable":true,"href":"https:\/\/rubi.com.py\/index.php\/wp-json\/wp\/v2\/product_brand?post=4542"},{"taxonomy":"product_cat","embeddable":true,"href":"https:\/\/rubi.com.py\/index.php\/wp-json\/wp\/v2\/product_cat?post=4542"},{"taxonomy":"product_tag","embeddable":true,"href":"https:\/\/rubi.com.py\/index.php\/wp-json\/wp\/v2\/product_tag?post=4542"}],"curies":[{"name":"wp","href":"https:\/\/api.w.org\/{rel}","templated":true}]}}