{"id":4543,"date":"2026-04-20T21:48:09","date_gmt":"2026-04-20T19:48:09","guid":{"rendered":"https:\/\/rubi.com.py\/index.php\/producto\/set-mate-c-bombilla-y-termo-500ml-negro-selecta\/"},"modified":"2026-04-20T21:48:09","modified_gmt":"2026-04-20T19:48:09","slug":"set-mate-c-bombilla-y-termo-500ml-negro-selecta","status":"publish","type":"product","link":"https:\/\/rubi.com.py\/index.php\/producto\/set-mate-c-bombilla-y-termo-500ml-negro-selecta\/","title":{"rendered":"SET MATE C\/BOMBILLA Y TERMO 500ML NEGRO SELECTA"},"content":{"rendered":"<p>SET MATE C\/BOMBILLA Y TERMO 500ML NEGRO SELECTA Caracter\u00edsticas: Dimensiones del termo: Di\u00e1metro: 6.8 cm Altura: 25 cm Capacidad: 500 ml Dimensiones del mate: Di\u00e1metro: 7.3 cm Altura: 9 cm Capacidad: 140 ml Conserva bebidas calientes hasta 12 h y bebidas fr\u00edas hasta 8 h<\/p>\n","protected":false},"excerpt":{"rendered":"<p>SET MATE C\/BOMBILLA Y TERMO 500ML NEGRO SELECTA<\/p>\n","protected":false},"featured_media":0,"comment_status":"open","ping_status":"closed","template":"","meta":{"_et_pb_use_builder":"","_et_pb_old_content":"","_et_gb_content_width":""},"product_brand":[],"product_cat":[33],"product_tag":[],"class_list":{"0":"post-4543","1":"product","2":"type-product","3":"status-publish","5":"product_cat-cocina-y-comedor","7":"first","8":"instock","9":"shipping-taxable","10":"purchasable","11":"product-type-simple"},"_links":{"self":[{"href":"https:\/\/rubi.com.py\/index.php\/wp-json\/wp\/v2\/product\/4543","targetHints":{"allow":["GET"]}}],"collection":[{"href":"https:\/\/rubi.com.py\/index.php\/wp-json\/wp\/v2\/product"}],"about":[{"href":"https:\/\/rubi.com.py\/index.php\/wp-json\/wp\/v2\/types\/product"}],"replies":[{"embeddable":true,"href":"https:\/\/rubi.com.py\/index.php\/wp-json\/wp\/v2\/comments?post=4543"}],"wp:attachment":[{"href":"https:\/\/rubi.com.py\/index.php\/wp-json\/wp\/v2\/media?parent=4543"}],"wp:term":[{"taxonomy":"product_brand","embeddable":true,"href":"https:\/\/rubi.com.py\/index.php\/wp-json\/wp\/v2\/product_brand?post=4543"},{"taxonomy":"product_cat","embeddable":true,"href":"https:\/\/rubi.com.py\/index.php\/wp-json\/wp\/v2\/product_cat?post=4543"},{"taxonomy":"product_tag","embeddable":true,"href":"https:\/\/rubi.com.py\/index.php\/wp-json\/wp\/v2\/product_tag?post=4543"}],"curies":[{"name":"wp","href":"https:\/\/api.w.org\/{rel}","templated":true}]}}