{"id":455,"date":"2025-09-17T22:28:36","date_gmt":"2025-09-17T20:28:36","guid":{"rendered":"https:\/\/rubi.com.py\/index.php\/producto\/smart-tv-tokyo-webos-32-hd-frameless-dolby\/"},"modified":"2026-04-23T19:44:34","modified_gmt":"2026-04-23T17:44:34","slug":"smart-tv-tokyo-webos-32-hd-frameless-dolby","status":"publish","type":"product","link":"https:\/\/rubi.com.py\/index.php\/producto\/smart-tv-tokyo-webos-32-hd-frameless-dolby\/","title":{"rendered":"SMART TV TOKYO WEBOS 32 HD FRAMELESS DOLBY"},"content":{"rendered":"<p>ENTRADAS * AV IN (RCA) x1. * RJ45 x1. * HDMI x3. * USB x2. * Conector de antena (RF) x1. SALIDAS * Optical x1. * Headphone x1. MEMORIA * RAM 1,5 GB. * ROM 1,98 GB. * Sistema Operativo WebOs 6.0. * Con sintonizador anal\u00f3gico y digital (ISDB-T). * Reproducci\u00f3n de archivos multimedia a trav\u00e9s de USB. * Incluye Air Mouse, Pantalla Inal\u00e1mbrica y comando de voz. * Compatible con Youtube, Netflix, Prime Video, Disney+ y STAR+. * Marcos Frameless marcos m\u00e1s finos, im\u00e1genes m\u00e1s grandes. * Resoluci\u00f3n Full HD (1080p). * Bluetooth y WiFi. * Con Apple Home y compatible con Air Play. * Tensi\u00f3n 110V a 240V 5060Hz. * Potencia 85W. MEDIDAS SIN PATAS. * Ancho 111 cm. * Alto 64 cm. * Profundidad 7 cm. CON PATAS. * Ancho 111 cm. * Alto 70 cm. * Profundidad 7 cm. Im\u00e1genes meramente ilustrativas. Im\u00e1genes e informaci\u00f3n sujetas a cambios sin previo aviso. Detalles t\u00e9cnicos: \u2022 ANCHO: 71,9 CM \u2022 ALTO: 6,51 CM \u2022 LARGO: 43,14 CM \u2022 PESO: 4200 GR<\/p>\n","protected":false},"excerpt":{"rendered":"<p>ENTRADAS * AV IN (RCA) x1. * RJ45 x1. * HDMI x3. * USB x2. * Conector de antena (RF) x1. SALIDAS * Optical x1. * Headphone x1. MEMORIA * RAM 1,5 GB. * ROM 1,98 GB. * Sistema Operativo WebOs 6.0. * Con sintonizador anal\u00f3gico y digital (ISDB-T). * Reproducci\u00f3n de archivos multimedia a trav\u00e9s de USB. * Incluye Air Mouse, Pantalla Inal\u00e1mbrica y comando de voz. * Compatible con Youtube, Netflix, Prime Video, Disney+ y STAR+. * Marcos Frameless marcos m\u00e1s finos, im\u00e1genes m\u00e1s grandes. * Resoluci\u00f3n Full HD (1080p). * Bluetooth y WiFi. * Con Apple Home y compatible con Air Play. * Tensi\u00f3n 110V a 240V 5060Hz. * Potencia 85W. MEDIDAS SIN PATAS. * Ancho 111 cm. * Alto 64 cm. * Profundidad 7 cm. CON PATAS. * Ancho 111 cm. * Alto 70 cm. * Profundidad 7 cm. Im\u00e1genes meramente ilustrativas. Im\u00e1genes e informaci\u00f3n sujetas a cambios sin previo aviso.<\/p>\n","protected":false},"featured_media":5209,"comment_status":"open","ping_status":"closed","template":"","meta":{"_et_pb_use_builder":"","_et_pb_old_content":"","_et_gb_content_width":""},"product_brand":[],"product_cat":[46],"product_tag":[],"class_list":{"0":"post-455","1":"product","2":"type-product","3":"status-publish","4":"has-post-thumbnail","6":"product_cat-tecnologia","8":"first","9":"instock","10":"shipping-taxable","11":"purchasable","12":"product-type-simple"},"_links":{"self":[{"href":"https:\/\/rubi.com.py\/index.php\/wp-json\/wp\/v2\/product\/455","targetHints":{"allow":["GET"]}}],"collection":[{"href":"https:\/\/rubi.com.py\/index.php\/wp-json\/wp\/v2\/product"}],"about":[{"href":"https:\/\/rubi.com.py\/index.php\/wp-json\/wp\/v2\/types\/product"}],"replies":[{"embeddable":true,"href":"https:\/\/rubi.com.py\/index.php\/wp-json\/wp\/v2\/comments?post=455"}],"wp:featuredmedia":[{"embeddable":true,"href":"https:\/\/rubi.com.py\/index.php\/wp-json\/wp\/v2\/media\/5209"}],"wp:attachment":[{"href":"https:\/\/rubi.com.py\/index.php\/wp-json\/wp\/v2\/media?parent=455"}],"wp:term":[{"taxonomy":"product_brand","embeddable":true,"href":"https:\/\/rubi.com.py\/index.php\/wp-json\/wp\/v2\/product_brand?post=455"},{"taxonomy":"product_cat","embeddable":true,"href":"https:\/\/rubi.com.py\/index.php\/wp-json\/wp\/v2\/product_cat?post=455"},{"taxonomy":"product_tag","embeddable":true,"href":"https:\/\/rubi.com.py\/index.php\/wp-json\/wp\/v2\/product_tag?post=455"}],"curies":[{"name":"wp","href":"https:\/\/api.w.org\/{rel}","templated":true}]}}