{"id":459,"date":"2025-09-17T22:29:37","date_gmt":"2025-09-17T20:29:37","guid":{"rendered":"https:\/\/rubi.com.py\/index.php\/producto\/sommier-nogal-calma-160x200-marron-chocolate-juego-completo\/"},"modified":"2026-04-20T22:20:46","modified_gmt":"2026-04-20T20:20:46","slug":"sommier-nogal-calma-160x200-marron-chocolate-juego-completo","status":"publish","type":"product","link":"https:\/\/rubi.com.py\/index.php\/producto\/sommier-nogal-calma-160x200-marron-chocolate-juego-completo\/","title":{"rendered":"SOMMIER NOGAL CALMA 160X200 MARRON CHOCOLATE JUEGO COMPLETO"},"content":{"rendered":"<p>* Peso m\u00e1ximo 100 kg. * Madera reforestada Madera 100% reforestada de eucaliptus Grandis. * Anti-\u00c1caros. * Espuma de alta densidad. * Resortes de acero europeo. * Tapizado Tejido tricot de alta calidad. * Patas 6 (seis) patas por base. * Garant\u00eda de 1 a\u00f1o. MEDIDAS. * Altura base 19 cm. * Altura patas 12 cm. * Altura colch\u00f3n 27 cm. * Altura total 58 cm. Tolerancia en medidas finales (Largo, ancho y altura) +- 1cm. Im\u00e1genes meramente ilustrativas. Im\u00e1genes e informaci\u00f3n sujetas a cambios sin previo aviso. Detalles t\u00e9cnicos: \u2022 ANCHO: 531 CM \u2022 ALTO: 90,13 CM \u2022 LARGO: 556 CM \u2022 PESO: GR<\/p>\n","protected":false},"excerpt":{"rendered":"<p>* Peso m\u00e1ximo 100 kg. * Madera reforestada Madera 100% reforestada de eucaliptus Grandis. * Anti-\u00c1caros. * Espuma de alta densidad. * Resortes de acero europeo. * Tapizado Tejido tricot de alta calidad. * Patas 6 (seis) patas por base. * Garant\u00eda de 1 a\u00f1o. MEDIDAS. * Altura base 19 cm. * Altura patas 12 cm. * Altura colch\u00f3n 27 cm. * Altura total 58 cm. Tolerancia en medidas finales (Largo, ancho y altura) +- 1cm. Im\u00e1genes meramente ilustrativas. Im\u00e1genes e informaci\u00f3n sujetas a cambios sin previo aviso.<\/p>\n","protected":false},"featured_media":4629,"comment_status":"open","ping_status":"closed","template":"","meta":{"_et_pb_use_builder":"","_et_pb_old_content":"","_et_gb_content_width":""},"product_brand":[],"product_cat":[42],"product_tag":[],"class_list":{"0":"post-459","1":"product","2":"type-product","3":"status-publish","4":"has-post-thumbnail","6":"product_cat-muebles","8":"first","9":"instock","10":"shipping-taxable","11":"purchasable","12":"product-type-simple"},"_links":{"self":[{"href":"https:\/\/rubi.com.py\/index.php\/wp-json\/wp\/v2\/product\/459","targetHints":{"allow":["GET"]}}],"collection":[{"href":"https:\/\/rubi.com.py\/index.php\/wp-json\/wp\/v2\/product"}],"about":[{"href":"https:\/\/rubi.com.py\/index.php\/wp-json\/wp\/v2\/types\/product"}],"replies":[{"embeddable":true,"href":"https:\/\/rubi.com.py\/index.php\/wp-json\/wp\/v2\/comments?post=459"}],"wp:featuredmedia":[{"embeddable":true,"href":"https:\/\/rubi.com.py\/index.php\/wp-json\/wp\/v2\/media\/4629"}],"wp:attachment":[{"href":"https:\/\/rubi.com.py\/index.php\/wp-json\/wp\/v2\/media?parent=459"}],"wp:term":[{"taxonomy":"product_brand","embeddable":true,"href":"https:\/\/rubi.com.py\/index.php\/wp-json\/wp\/v2\/product_brand?post=459"},{"taxonomy":"product_cat","embeddable":true,"href":"https:\/\/rubi.com.py\/index.php\/wp-json\/wp\/v2\/product_cat?post=459"},{"taxonomy":"product_tag","embeddable":true,"href":"https:\/\/rubi.com.py\/index.php\/wp-json\/wp\/v2\/product_tag?post=459"}],"curies":[{"name":"wp","href":"https:\/\/api.w.org\/{rel}","templated":true}]}}