{"id":461,"date":"2025-09-17T22:31:51","date_gmt":"2025-09-17T20:31:51","guid":{"rendered":"https:\/\/rubi.com.py\/index.php\/producto\/microondas-whirlpool-wm1114adwc-38l-c-grill-silver\/"},"modified":"2026-04-20T22:11:49","modified_gmt":"2026-04-20T20:11:49","slug":"microondas-whirlpool-wm1114adwc-38l-c-grill-silver","status":"publish","type":"product","link":"https:\/\/rubi.com.py\/index.php\/producto\/microondas-whirlpool-wm1114adwc-38l-c-grill-silver\/","title":{"rendered":"MICROONDAS WHIRLPOOL WM1114ADWC 38L C\/ GRILL SILVER"},"content":{"rendered":"<p>* Traba para ni\u00f1os Tecla especial de bloqueo para evitar travesuras y asegurar el cuidado de tu familia. * Grill el\u00e9ctrico Para preparar esos platos gratinados y bien crujientes. * 11 ciclos pre-programados para cocinar. * Men\u00fas pre-programados. * 6 niveles de potencia. * Potencia 1.500 W. * Capacidad 38 Lts. * Panel digital. MEDIDAS DEL PRODUCTO. * Ancho 56 cm. * Alto 32 cm. * Profundidad 47 cm. Im\u00e1genes meramente ilustrativas. Im\u00e1genes e informaci\u00f3n sujetas a cambios sin previo aviso. Detalles t\u00e9cnicos: \u2022 ANCHO: 52 CM \u2022 ALTO: 38 CM \u2022 LARGO: 62 CM \u2022 PESO: 19300 GR<\/p>\n","protected":false},"excerpt":{"rendered":"<p>* Traba para ni\u00f1os Tecla especial de bloqueo para evitar travesuras y asegurar el cuidado de tu familia. * Grill el\u00e9ctrico Para preparar esos platos gratinados y bien crujientes. * 11 ciclos pre-programados para cocinar. * Men\u00fas pre-programados. * 6 niveles de potencia. * Potencia 1.500 W. * Capacidad 38 Lts. * Panel digital. MEDIDAS DEL PRODUCTO. * Ancho 56 cm. * Alto 32 cm. * Profundidad 47 cm. Im\u00e1genes meramente ilustrativas. Im\u00e1genes e informaci\u00f3n sujetas a cambios sin previo aviso.<\/p>\n","protected":false},"featured_media":4607,"comment_status":"open","ping_status":"closed","template":"","meta":{"_et_pb_use_builder":"","_et_pb_old_content":"","_et_gb_content_width":""},"product_brand":[],"product_cat":[33],"product_tag":[],"class_list":{"0":"post-461","1":"product","2":"type-product","3":"status-publish","4":"has-post-thumbnail","6":"product_cat-cocina-y-comedor","8":"first","9":"instock","10":"shipping-taxable","11":"purchasable","12":"product-type-simple"},"_links":{"self":[{"href":"https:\/\/rubi.com.py\/index.php\/wp-json\/wp\/v2\/product\/461","targetHints":{"allow":["GET"]}}],"collection":[{"href":"https:\/\/rubi.com.py\/index.php\/wp-json\/wp\/v2\/product"}],"about":[{"href":"https:\/\/rubi.com.py\/index.php\/wp-json\/wp\/v2\/types\/product"}],"replies":[{"embeddable":true,"href":"https:\/\/rubi.com.py\/index.php\/wp-json\/wp\/v2\/comments?post=461"}],"wp:featuredmedia":[{"embeddable":true,"href":"https:\/\/rubi.com.py\/index.php\/wp-json\/wp\/v2\/media\/4607"}],"wp:attachment":[{"href":"https:\/\/rubi.com.py\/index.php\/wp-json\/wp\/v2\/media?parent=461"}],"wp:term":[{"taxonomy":"product_brand","embeddable":true,"href":"https:\/\/rubi.com.py\/index.php\/wp-json\/wp\/v2\/product_brand?post=461"},{"taxonomy":"product_cat","embeddable":true,"href":"https:\/\/rubi.com.py\/index.php\/wp-json\/wp\/v2\/product_cat?post=461"},{"taxonomy":"product_tag","embeddable":true,"href":"https:\/\/rubi.com.py\/index.php\/wp-json\/wp\/v2\/product_tag?post=461"}],"curies":[{"name":"wp","href":"https:\/\/api.w.org\/{rel}","templated":true}]}}