{"id":463,"date":"2025-09-17T22:32:09","date_gmt":"2025-09-17T20:32:09","guid":{"rendered":"https:\/\/rubi.com.py\/index.php\/producto\/microondas-whirlpool-wmg25szim-25l-c-grill-silver\/"},"modified":"2026-04-20T22:12:11","modified_gmt":"2026-04-20T20:12:11","slug":"microondas-whirlpool-wmg25szim-25l-c-grill-silver","status":"publish","type":"product","link":"https:\/\/rubi.com.py\/index.php\/producto\/microondas-whirlpool-wmg25szim-25l-c-grill-silver\/","title":{"rendered":"MICROONDAS WHIRLPOOL WMG25SZIM 25L C\/ GRILL SILVER"},"content":{"rendered":"<p>* Auto Clean (Limpieza autom\u00e1tica). * Auto Cook (Cocci\u00f3n autom\u00e1tica). * Keep Warm (mantener caliente). * Funci\u00f3n Palomitas (Pochoclos). * Funci\u00f3n Suavizar-Derretir. * Bloqueo de seguridad. * Funci\u00f3n Descongelar. * Funci\u00f3n Micro Grill. * Capacidad 25 Lts. * Peso 14,5 Kg. * Funci\u00f3n Arroz. * Inicio r\u00e1pido. * Grill. * Dimensiones 48,3 x 28,1 x 41,9 (Ancho x Alto x Pronfudidad en cm.). * Dimensiones con embalaje 54,7 x 33,7 x 47,3 (Ancho x Alto x Pronfudidad en cm.). * Dimensiones de la cavidad 34,4 x 22,0 x 34,0 (Ancho x Alto x Pronfudidad en cm.). Im\u00e1genes meramente ilustrativas. Im\u00e1genes e informaci\u00f3n sujetas a cambios sin previo aviso. Detalles t\u00e9cnicos: \u2022 ANCHO: 47 CM \u2022 ALTO: 33 CM \u2022 LARGO: 55 CM \u2022 PESO: 17500 GR<\/p>\n","protected":false},"excerpt":{"rendered":"<p>* Auto Clean (Limpieza autom\u00e1tica). * Auto Cook (Cocci\u00f3n autom\u00e1tica). * Keep Warm (mantener caliente). * Funci\u00f3n Palomitas (Pochoclos). * Funci\u00f3n Suavizar-Derretir. * Bloqueo de seguridad. * Funci\u00f3n Descongelar. * Funci\u00f3n Micro Grill. * Capacidad 25 Lts. * Peso 14,5 Kg. * Funci\u00f3n Arroz. * Inicio r\u00e1pido. * Grill. * Dimensiones 48,3 x 28,1 x 41,9 (Ancho x Alto x Pronfudidad en cm.). * Dimensiones con embalaje 54,7 x 33,7 x 47,3 (Ancho x Alto x Pronfudidad en cm.). * Dimensiones de la cavidad 34,4 x 22,0 x 34,0 (Ancho x Alto x Pronfudidad en cm.). Im\u00e1genes meramente ilustrativas. Im\u00e1genes e informaci\u00f3n sujetas a cambios sin previo aviso.<\/p>\n","protected":false},"featured_media":4608,"comment_status":"open","ping_status":"closed","template":"","meta":{"_et_pb_use_builder":"","_et_pb_old_content":"","_et_gb_content_width":""},"product_brand":[],"product_cat":[33],"product_tag":[],"class_list":{"0":"post-463","1":"product","2":"type-product","3":"status-publish","4":"has-post-thumbnail","6":"product_cat-cocina-y-comedor","8":"first","9":"instock","10":"shipping-taxable","11":"purchasable","12":"product-type-simple"},"_links":{"self":[{"href":"https:\/\/rubi.com.py\/index.php\/wp-json\/wp\/v2\/product\/463","targetHints":{"allow":["GET"]}}],"collection":[{"href":"https:\/\/rubi.com.py\/index.php\/wp-json\/wp\/v2\/product"}],"about":[{"href":"https:\/\/rubi.com.py\/index.php\/wp-json\/wp\/v2\/types\/product"}],"replies":[{"embeddable":true,"href":"https:\/\/rubi.com.py\/index.php\/wp-json\/wp\/v2\/comments?post=463"}],"wp:featuredmedia":[{"embeddable":true,"href":"https:\/\/rubi.com.py\/index.php\/wp-json\/wp\/v2\/media\/4608"}],"wp:attachment":[{"href":"https:\/\/rubi.com.py\/index.php\/wp-json\/wp\/v2\/media?parent=463"}],"wp:term":[{"taxonomy":"product_brand","embeddable":true,"href":"https:\/\/rubi.com.py\/index.php\/wp-json\/wp\/v2\/product_brand?post=463"},{"taxonomy":"product_cat","embeddable":true,"href":"https:\/\/rubi.com.py\/index.php\/wp-json\/wp\/v2\/product_cat?post=463"},{"taxonomy":"product_tag","embeddable":true,"href":"https:\/\/rubi.com.py\/index.php\/wp-json\/wp\/v2\/product_tag?post=463"}],"curies":[{"name":"wp","href":"https:\/\/api.w.org\/{rel}","templated":true}]}}