{"id":465,"date":"2025-09-17T22:32:22","date_gmt":"2025-09-17T20:32:22","guid":{"rendered":"https:\/\/rubi.com.py\/index.php\/producto\/microondas-whirlpool-wmg30sb-30l-c-grill-panel-negro-touch\/"},"modified":"2026-04-20T22:12:44","modified_gmt":"2026-04-20T20:12:44","slug":"microondas-whirlpool-wmg30sb-30l-c-grill-panel-negro-touch","status":"publish","type":"product","link":"https:\/\/rubi.com.py\/index.php\/producto\/microondas-whirlpool-wmg30sb-30l-c-grill-panel-negro-touch\/","title":{"rendered":"MICROONDAS WHIRLPOOL WMG30SB 30L C\/ GRILL PANEL NEGRO TOUCH"},"content":{"rendered":"<p>* Mantener Caliente Mant\u00e9n caliente tus platos hasta por 60 minutos antes de servir. * Grill el\u00e9ctrico Para preparar esos platos gratinados y bien crujientes. * M\u00e1s de 25 funciones. * Limpieza autom\u00e1tica. * Potencia 1.050 W. * Capacidad 30 litros. MEDIDAS DEL PRODUCTO. * Ancho 45,5 cm. * Alto 26,4 cm. * Profundidad 35,5 cm. Im\u00e1genes meramente ilustrativas. Im\u00e1genes e informaci\u00f3n sujetas a cambios sin previo aviso. Detalles t\u00e9cnicos: \u2022 ANCHO: 47,5 CM \u2022 ALTO: 36 CM \u2022 LARGO: 60 CM \u2022 PESO: 17600 GR<\/p>\n","protected":false},"excerpt":{"rendered":"<p>* Mantener Caliente Mant\u00e9n caliente tus platos hasta por 60 minutos antes de servir. * Grill el\u00e9ctrico Para preparar esos platos gratinados y bien crujientes. * M\u00e1s de 25 funciones. * Limpieza autom\u00e1tica. * Potencia 1.050 W. * Capacidad 30 litros. MEDIDAS DEL PRODUCTO. * Ancho 45,5 cm. * Alto 26,4 cm. * Profundidad 35,5 cm. Im\u00e1genes meramente ilustrativas. Im\u00e1genes e informaci\u00f3n sujetas a cambios sin previo aviso.<\/p>\n","protected":false},"featured_media":4610,"comment_status":"open","ping_status":"closed","template":"","meta":{"_et_pb_use_builder":"","_et_pb_old_content":"","_et_gb_content_width":""},"product_brand":[],"product_cat":[33],"product_tag":[],"class_list":{"0":"post-465","1":"product","2":"type-product","3":"status-publish","4":"has-post-thumbnail","6":"product_cat-cocina-y-comedor","8":"first","9":"instock","10":"shipping-taxable","11":"purchasable","12":"product-type-simple"},"_links":{"self":[{"href":"https:\/\/rubi.com.py\/index.php\/wp-json\/wp\/v2\/product\/465","targetHints":{"allow":["GET"]}}],"collection":[{"href":"https:\/\/rubi.com.py\/index.php\/wp-json\/wp\/v2\/product"}],"about":[{"href":"https:\/\/rubi.com.py\/index.php\/wp-json\/wp\/v2\/types\/product"}],"replies":[{"embeddable":true,"href":"https:\/\/rubi.com.py\/index.php\/wp-json\/wp\/v2\/comments?post=465"}],"wp:featuredmedia":[{"embeddable":true,"href":"https:\/\/rubi.com.py\/index.php\/wp-json\/wp\/v2\/media\/4610"}],"wp:attachment":[{"href":"https:\/\/rubi.com.py\/index.php\/wp-json\/wp\/v2\/media?parent=465"}],"wp:term":[{"taxonomy":"product_brand","embeddable":true,"href":"https:\/\/rubi.com.py\/index.php\/wp-json\/wp\/v2\/product_brand?post=465"},{"taxonomy":"product_cat","embeddable":true,"href":"https:\/\/rubi.com.py\/index.php\/wp-json\/wp\/v2\/product_cat?post=465"},{"taxonomy":"product_tag","embeddable":true,"href":"https:\/\/rubi.com.py\/index.php\/wp-json\/wp\/v2\/product_tag?post=465"}],"curies":[{"name":"wp","href":"https:\/\/api.w.org\/{rel}","templated":true}]}}