{"id":467,"date":"2025-09-17T22:32:37","date_gmt":"2025-09-17T20:32:37","guid":{"rendered":"https:\/\/rubi.com.py\/index.php\/producto\/microondas-whirlpool-wmg30sz-30l-c-grill-negro\/"},"modified":"2026-04-20T22:13:00","modified_gmt":"2026-04-20T20:13:00","slug":"microondas-whirlpool-wmg30sz-30l-c-grill-negro","status":"publish","type":"product","link":"https:\/\/rubi.com.py\/index.php\/producto\/microondas-whirlpool-wmg30sz-30l-c-grill-negro\/","title":{"rendered":"MICROONDAS WHIRLPOOL WMG30SZ 30L C\/ GRILL NEGRO"},"content":{"rendered":"<p>* Cantidad de programas m\u00e1s de 25 programas. * Selecci\u00f3n de recetas dulces preprogramadas. * Panel Language Ingles &#8211; Espa\u00f1ol. * Potencia entrada 1400 W. * Potencia salida 860 W. * Potencia Grill 1050W. * Removedor de olores. * Capacidad 30 Lts. * Frecuencia 220V. * Voltaje 50Hz. * Grill. Im\u00e1genes meramente ilustrativas. Im\u00e1genes e informaci\u00f3n sujetas a cambios sin previo aviso. Detalles t\u00e9cnicos: \u2022 ANCHO: 60,8 CM \u2022 ALTO: 36,6 CM \u2022 LARGO: 48 CM \u2022 PESO: 16000 GR<\/p>\n","protected":false},"excerpt":{"rendered":"<p>* Cantidad de programas m\u00e1s de 25 programas. * Selecci\u00f3n de recetas dulces preprogramadas. * Panel Language Ingles &#8211; Espa\u00f1ol. * Potencia entrada 1400 W. * Potencia salida 860 W. * Potencia Grill 1050W. * Removedor de olores. * Capacidad 30 Lts. * Frecuencia 220V. * Voltaje 50Hz. * Grill. Im\u00e1genes meramente ilustrativas. Im\u00e1genes e informaci\u00f3n sujetas a cambios sin previo aviso.<\/p>\n","protected":false},"featured_media":4611,"comment_status":"open","ping_status":"closed","template":"","meta":{"_et_pb_use_builder":"","_et_pb_old_content":"","_et_gb_content_width":""},"product_brand":[],"product_cat":[33],"product_tag":[],"class_list":{"0":"post-467","1":"product","2":"type-product","3":"status-publish","4":"has-post-thumbnail","6":"product_cat-cocina-y-comedor","8":"first","9":"instock","10":"shipping-taxable","11":"purchasable","12":"product-type-simple"},"_links":{"self":[{"href":"https:\/\/rubi.com.py\/index.php\/wp-json\/wp\/v2\/product\/467","targetHints":{"allow":["GET"]}}],"collection":[{"href":"https:\/\/rubi.com.py\/index.php\/wp-json\/wp\/v2\/product"}],"about":[{"href":"https:\/\/rubi.com.py\/index.php\/wp-json\/wp\/v2\/types\/product"}],"replies":[{"embeddable":true,"href":"https:\/\/rubi.com.py\/index.php\/wp-json\/wp\/v2\/comments?post=467"}],"wp:featuredmedia":[{"embeddable":true,"href":"https:\/\/rubi.com.py\/index.php\/wp-json\/wp\/v2\/media\/4611"}],"wp:attachment":[{"href":"https:\/\/rubi.com.py\/index.php\/wp-json\/wp\/v2\/media?parent=467"}],"wp:term":[{"taxonomy":"product_brand","embeddable":true,"href":"https:\/\/rubi.com.py\/index.php\/wp-json\/wp\/v2\/product_brand?post=467"},{"taxonomy":"product_cat","embeddable":true,"href":"https:\/\/rubi.com.py\/index.php\/wp-json\/wp\/v2\/product_cat?post=467"},{"taxonomy":"product_tag","embeddable":true,"href":"https:\/\/rubi.com.py\/index.php\/wp-json\/wp\/v2\/product_tag?post=467"}],"curies":[{"name":"wp","href":"https:\/\/api.w.org\/{rel}","templated":true}]}}