{"id":469,"date":"2025-09-17T22:32:47","date_gmt":"2025-09-17T20:32:47","guid":{"rendered":"https:\/\/rubi.com.py\/index.php\/producto\/microondas-whirlpool-wms20bzim-20l-s-grill-blanco\/"},"modified":"2026-04-20T22:13:19","modified_gmt":"2026-04-20T20:13:19","slug":"microondas-whirlpool-wms20bzim-20l-s-grill-blanco","status":"publish","type":"product","link":"https:\/\/rubi.com.py\/index.php\/producto\/microondas-whirlpool-wms20bzim-20l-s-grill-blanco\/","title":{"rendered":"MICROONDAS WHIRLPOOL WMS20BZIM 20L S\/ GRILL BLANCO"},"content":{"rendered":"<p>* Auto Clean (Limpieza autom\u00e1tica). * Auto Cook (Cocci\u00f3n autom\u00e1tica). * Keep Warm (mantener caliente). * Funci\u00f3n Suavizar-Derretir. * Bloqueo de seguridad. * Funci\u00f3n Descongelar. * Modo Silencio * Inicio r\u00e1pido. Im\u00e1genes meramente ilustrativas. Im\u00e1genes e informaci\u00f3n sujetas a cambios sin previo aviso. Detalles t\u00e9cnicos: \u2022 ANCHO: 38 CM \u2022 ALTO: 29 CM \u2022 LARGO: 45 CM \u2022 PESO: 11300 GR<\/p>\n","protected":false},"excerpt":{"rendered":"<p>* Auto Clean (Limpieza autom\u00e1tica). * Auto Cook (Cocci\u00f3n autom\u00e1tica). * Keep Warm (mantener caliente). * Funci\u00f3n Suavizar-Derretir. * Bloqueo de seguridad. * Funci\u00f3n Descongelar. * Modo Silencio * Inicio r\u00e1pido. Im\u00e1genes meramente ilustrativas. Im\u00e1genes e informaci\u00f3n sujetas a cambios sin previo aviso.<\/p>\n","protected":false},"featured_media":4612,"comment_status":"open","ping_status":"closed","template":"","meta":{"_et_pb_use_builder":"","_et_pb_old_content":"","_et_gb_content_width":""},"product_brand":[],"product_cat":[33],"product_tag":[],"class_list":{"0":"post-469","1":"product","2":"type-product","3":"status-publish","4":"has-post-thumbnail","6":"product_cat-cocina-y-comedor","8":"first","9":"instock","10":"shipping-taxable","11":"purchasable","12":"product-type-simple"},"_links":{"self":[{"href":"https:\/\/rubi.com.py\/index.php\/wp-json\/wp\/v2\/product\/469","targetHints":{"allow":["GET"]}}],"collection":[{"href":"https:\/\/rubi.com.py\/index.php\/wp-json\/wp\/v2\/product"}],"about":[{"href":"https:\/\/rubi.com.py\/index.php\/wp-json\/wp\/v2\/types\/product"}],"replies":[{"embeddable":true,"href":"https:\/\/rubi.com.py\/index.php\/wp-json\/wp\/v2\/comments?post=469"}],"wp:featuredmedia":[{"embeddable":true,"href":"https:\/\/rubi.com.py\/index.php\/wp-json\/wp\/v2\/media\/4612"}],"wp:attachment":[{"href":"https:\/\/rubi.com.py\/index.php\/wp-json\/wp\/v2\/media?parent=469"}],"wp:term":[{"taxonomy":"product_brand","embeddable":true,"href":"https:\/\/rubi.com.py\/index.php\/wp-json\/wp\/v2\/product_brand?post=469"},{"taxonomy":"product_cat","embeddable":true,"href":"https:\/\/rubi.com.py\/index.php\/wp-json\/wp\/v2\/product_cat?post=469"},{"taxonomy":"product_tag","embeddable":true,"href":"https:\/\/rubi.com.py\/index.php\/wp-json\/wp\/v2\/product_tag?post=469"}],"curies":[{"name":"wp","href":"https:\/\/api.w.org\/{rel}","templated":true}]}}