{"id":471,"date":"2025-09-17T22:32:56","date_gmt":"2025-09-17T20:32:56","guid":{"rendered":"https:\/\/rubi.com.py\/index.php\/producto\/microondas-whirlpool-wms20gwupb-20l-c-grill-blanco\/"},"modified":"2026-04-20T22:13:42","modified_gmt":"2026-04-20T20:13:42","slug":"microondas-whirlpool-wms20gwupb-20l-c-grill-blanco","status":"publish","type":"product","link":"https:\/\/rubi.com.py\/index.php\/producto\/microondas-whirlpool-wms20gwupb-20l-c-grill-blanco\/","title":{"rendered":"MICROONDAS WHIRLPOOL WMS20GWUPB 20L C\/ GRILL BLANCO"},"content":{"rendered":"<p>* 700 W. * Men\u00fa Pre-programados. * 10 niveles de potencia. * Panel Digital. * 10 niveles de potencia. * Cocina R\u00e1pido Reduce los tiempos de preparaci\u00f3n con 6 programas predefinidos. * Grill El\u00e9ctrico Para preparar esos platos gratinados y bien crujientes. * 20 Lts capacidad. MEDIDAS. * Ancho 45,5 cm. * Alto 26,4 cm. * Profundidad 35,3 cm. Detalles t\u00e9cnicos: \u2022 ANCHO: 39,5 CM \u2022 ALTO: 30 CM \u2022 LARGO: 50 CM \u2022 PESO: 12100 GR<\/p>\n","protected":false},"excerpt":{"rendered":"<p>* 700 W. * Men\u00fa Pre-programados. * 10 niveles de potencia. * Panel Digital. * 10 niveles de potencia. * Cocina R\u00e1pido Reduce los tiempos de preparaci\u00f3n con 6 programas predefinidos. * Grill El\u00e9ctrico Para preparar esos platos gratinados y bien crujientes. * 20 Lts capacidad. MEDIDAS. * Ancho 45,5 cm. * Alto 26,4 cm. * Profundidad 35,3 cm.<\/p>\n","protected":false},"featured_media":4613,"comment_status":"open","ping_status":"closed","template":"","meta":{"_et_pb_use_builder":"","_et_pb_old_content":"","_et_gb_content_width":""},"product_brand":[],"product_cat":[33],"product_tag":[],"class_list":{"0":"post-471","1":"product","2":"type-product","3":"status-publish","4":"has-post-thumbnail","6":"product_cat-cocina-y-comedor","8":"first","9":"instock","10":"shipping-taxable","11":"purchasable","12":"product-type-simple"},"_links":{"self":[{"href":"https:\/\/rubi.com.py\/index.php\/wp-json\/wp\/v2\/product\/471","targetHints":{"allow":["GET"]}}],"collection":[{"href":"https:\/\/rubi.com.py\/index.php\/wp-json\/wp\/v2\/product"}],"about":[{"href":"https:\/\/rubi.com.py\/index.php\/wp-json\/wp\/v2\/types\/product"}],"replies":[{"embeddable":true,"href":"https:\/\/rubi.com.py\/index.php\/wp-json\/wp\/v2\/comments?post=471"}],"wp:featuredmedia":[{"embeddable":true,"href":"https:\/\/rubi.com.py\/index.php\/wp-json\/wp\/v2\/media\/4613"}],"wp:attachment":[{"href":"https:\/\/rubi.com.py\/index.php\/wp-json\/wp\/v2\/media?parent=471"}],"wp:term":[{"taxonomy":"product_brand","embeddable":true,"href":"https:\/\/rubi.com.py\/index.php\/wp-json\/wp\/v2\/product_brand?post=471"},{"taxonomy":"product_cat","embeddable":true,"href":"https:\/\/rubi.com.py\/index.php\/wp-json\/wp\/v2\/product_cat?post=471"},{"taxonomy":"product_tag","embeddable":true,"href":"https:\/\/rubi.com.py\/index.php\/wp-json\/wp\/v2\/product_tag?post=471"}],"curies":[{"name":"wp","href":"https:\/\/api.w.org\/{rel}","templated":true}]}}