{"id":473,"date":"2025-09-17T22:33:06","date_gmt":"2025-09-17T20:33:06","guid":{"rendered":"https:\/\/rubi.com.py\/index.php\/producto\/minicamara-inox-atosa-mod-ybl9311-2-ptas-410lts\/"},"modified":"2026-04-20T22:14:31","modified_gmt":"2026-04-20T20:14:31","slug":"minicamara-inox-atosa-mod-ybl9311-2-ptas-410lts","status":"publish","type":"product","link":"https:\/\/rubi.com.py\/index.php\/producto\/minicamara-inox-atosa-mod-ybl9311-2-ptas-410lts\/","title":{"rendered":"MINICAMARA INOX ATOSA MOD. YBL9311  2 PTAS 410LTS"},"content":{"rendered":"<p>* Estructura completa en acero inoxidable. * Puerta reversible de cierre autom\u00e1tico. * 3 estantes ajustables. * Luz hal\u00f3gena. * 4 ruedas preinstaladas con frenos. * Descongelaci\u00f3n autom\u00e1tica. * Capacidad 410 litros. * Temperatura -12\u00b0 a -18\u00b0C. * Refrigerante R290. * Termostato digital Dixell &#8211; Carel. * Sistema de enfriamiento ventilado. * Voltaje 220 V &#8211; 50 Hz. * Consumo 300 W. * Peso 90 Kg. MEDIDAS DEL PRODUCTO. * Ancho 600 mm. * Profundidad 700 mm. * Altura 1950 mm. Im\u00e1genes meramente ilustrativas. Im\u00e1genes e informaci\u00f3n sujetas a cambios sin previo aviso. Detalles t\u00e9cnicos: \u2022 ANCHO: 64 CM \u2022 ALTO: 202 CM \u2022 LARGO: 77,4 CM \u2022 PESO: 1 GR<\/p>\n","protected":false},"excerpt":{"rendered":"<p>* Estructura completa en acero inoxidable. * Puerta reversible de cierre autom\u00e1tico. * 3 estantes ajustables. * Luz hal\u00f3gena. * 4 ruedas preinstaladas con frenos. * Descongelaci\u00f3n autom\u00e1tica. * Capacidad 410 litros. * Temperatura -12\u00b0 a -18\u00b0C. * Refrigerante R290. * Termostato digital Dixell &#8211; Carel. * Sistema de enfriamiento ventilado. * Voltaje 220 V &#8211; 50 Hz. * Consumo 300 W. * Peso 90 Kg. MEDIDAS DEL PRODUCTO. * Ancho 600 mm. * Profundidad 700 mm. * Altura 1950 mm. Im\u00e1genes meramente ilustrativas. Im\u00e1genes e informaci\u00f3n sujetas a cambios sin previo aviso.<\/p>\n","protected":false},"featured_media":4614,"comment_status":"open","ping_status":"closed","template":"","meta":{"_et_pb_use_builder":"","_et_pb_old_content":"","_et_gb_content_width":""},"product_brand":[],"product_cat":[33,39],"product_tag":[],"class_list":{"0":"post-473","1":"product","2":"type-product","3":"status-publish","4":"has-post-thumbnail","6":"product_cat-cocina-y-comedor","7":"product_cat-industria-comercio-y-campo","9":"first","10":"instock","11":"shipping-taxable","12":"purchasable","13":"product-type-simple"},"_links":{"self":[{"href":"https:\/\/rubi.com.py\/index.php\/wp-json\/wp\/v2\/product\/473","targetHints":{"allow":["GET"]}}],"collection":[{"href":"https:\/\/rubi.com.py\/index.php\/wp-json\/wp\/v2\/product"}],"about":[{"href":"https:\/\/rubi.com.py\/index.php\/wp-json\/wp\/v2\/types\/product"}],"replies":[{"embeddable":true,"href":"https:\/\/rubi.com.py\/index.php\/wp-json\/wp\/v2\/comments?post=473"}],"wp:featuredmedia":[{"embeddable":true,"href":"https:\/\/rubi.com.py\/index.php\/wp-json\/wp\/v2\/media\/4614"}],"wp:attachment":[{"href":"https:\/\/rubi.com.py\/index.php\/wp-json\/wp\/v2\/media?parent=473"}],"wp:term":[{"taxonomy":"product_brand","embeddable":true,"href":"https:\/\/rubi.com.py\/index.php\/wp-json\/wp\/v2\/product_brand?post=473"},{"taxonomy":"product_cat","embeddable":true,"href":"https:\/\/rubi.com.py\/index.php\/wp-json\/wp\/v2\/product_cat?post=473"},{"taxonomy":"product_tag","embeddable":true,"href":"https:\/\/rubi.com.py\/index.php\/wp-json\/wp\/v2\/product_tag?post=473"}],"curies":[{"name":"wp","href":"https:\/\/api.w.org\/{rel}","templated":true}]}}