{"id":479,"date":"2025-09-17T22:34:26","date_gmt":"2025-09-17T20:34:26","guid":{"rendered":"https:\/\/rubi.com.py\/index.php\/producto\/minisistema-hifi-philips-c-bluetooh-nfc-potencia-3-800w-ntx800mu-55-ntx800sb-55\/"},"modified":"2026-04-20T22:14:54","modified_gmt":"2026-04-20T20:14:54","slug":"minisistema-hifi-philips-c-bluetooh-nfc-potencia-3-800w-ntx800mu-55-ntx800sb-55","status":"publish","type":"product","link":"https:\/\/rubi.com.py\/index.php\/producto\/minisistema-hifi-philips-c-bluetooh-nfc-potencia-3-800w-ntx800mu-55-ntx800sb-55\/","title":{"rendered":"MINISISTEMA HIFI PHILIPS C\/BLUETOOH NFC POTENCIA 3.800W NTX800MU\/55 NTX800SB\/55"},"content":{"rendered":"<p>* Conexi\u00f3n para Bluetooth. * Potencia 3800 W. * Graves NX. * Refuerzo din\u00e1mico de graves en 3 pasos. * 5 modos de control de sonido digital. * Conexi\u00f3n para micr\u00f3fono. * CD, CD-R, CD-RW, MP3-CD, USB. * CD, sintonizador, AUX, entrada para micr\u00f3fono, USB, Bluetooth. * 2 entradas de l\u00ednea est\u00e9reo de 3.5mm. * Grabaci\u00f3n de audio. * Luces LED. * Crossfader del DJ. * Peso bruto 27,4 kg. MEDIDAS DEL PRODUCTO. * Ancho 358 mm. * Altura 1091 mm. * Profundidad 470,5 mm. IMAGEN ILUSTRATIVA. Detalles t\u00e9cnicos: \u2022 ANCHO: 42 CM \u2022 ALTO: 117 CM \u2022 LARGO: 56 CM \u2022 PESO: 59126 GR<\/p>\n","protected":false},"excerpt":{"rendered":"<p>* Conexi\u00f3n para Bluetooth. * Potencia 3800 W. * Graves NX. * Refuerzo din\u00e1mico de graves en 3 pasos. * 5 modos de control de sonido digital. * Conexi\u00f3n para micr\u00f3fono. * CD, CD-R, CD-RW, MP3-CD, USB. * CD, sintonizador, AUX, entrada para micr\u00f3fono, USB, Bluetooth. * 2 entradas de l\u00ednea est\u00e9reo de 3.5mm. * Grabaci\u00f3n de audio. * Luces LED. * Crossfader del DJ. * Peso bruto 27,4 kg. MEDIDAS DEL PRODUCTO. * Ancho 358 mm. * Altura 1091 mm. * Profundidad 470,5 mm. IMAGEN ILUSTRATIVA.<\/p>\n","protected":false},"featured_media":4615,"comment_status":"open","ping_status":"closed","template":"","meta":{"_et_pb_use_builder":"","_et_pb_old_content":"","_et_gb_content_width":""},"product_brand":[],"product_cat":[46],"product_tag":[],"class_list":{"0":"post-479","1":"product","2":"type-product","3":"status-publish","4":"has-post-thumbnail","6":"product_cat-tecnologia","8":"first","9":"instock","10":"shipping-taxable","11":"purchasable","12":"product-type-simple"},"_links":{"self":[{"href":"https:\/\/rubi.com.py\/index.php\/wp-json\/wp\/v2\/product\/479","targetHints":{"allow":["GET"]}}],"collection":[{"href":"https:\/\/rubi.com.py\/index.php\/wp-json\/wp\/v2\/product"}],"about":[{"href":"https:\/\/rubi.com.py\/index.php\/wp-json\/wp\/v2\/types\/product"}],"replies":[{"embeddable":true,"href":"https:\/\/rubi.com.py\/index.php\/wp-json\/wp\/v2\/comments?post=479"}],"wp:featuredmedia":[{"embeddable":true,"href":"https:\/\/rubi.com.py\/index.php\/wp-json\/wp\/v2\/media\/4615"}],"wp:attachment":[{"href":"https:\/\/rubi.com.py\/index.php\/wp-json\/wp\/v2\/media?parent=479"}],"wp:term":[{"taxonomy":"product_brand","embeddable":true,"href":"https:\/\/rubi.com.py\/index.php\/wp-json\/wp\/v2\/product_brand?post=479"},{"taxonomy":"product_cat","embeddable":true,"href":"https:\/\/rubi.com.py\/index.php\/wp-json\/wp\/v2\/product_cat?post=479"},{"taxonomy":"product_tag","embeddable":true,"href":"https:\/\/rubi.com.py\/index.php\/wp-json\/wp\/v2\/product_tag?post=479"}],"curies":[{"name":"wp","href":"https:\/\/api.w.org\/{rel}","templated":true}]}}