{"id":481,"date":"2025-09-17T22:34:39","date_gmt":"2025-09-17T20:34:39","guid":{"rendered":"https:\/\/rubi.com.py\/index.php\/producto\/mixer-arno-mod-ddj3-turbomix-plus-con-miniprocesador-300w\/"},"modified":"2026-04-20T22:15:12","modified_gmt":"2026-04-20T20:15:12","slug":"mixer-arno-mod-ddj3-turbomix-plus-con-miniprocesador-300w","status":"publish","type":"product","link":"https:\/\/rubi.com.py\/index.php\/producto\/mixer-arno-mod-ddj3-turbomix-plus-con-miniprocesador-300w\/","title":{"rendered":"MIXER ARNO MOD DDJ3 TURBOMIX PLUS CON MINIPROCESADOR 300W"},"content":{"rendered":"<p>* Vaso medidor especial para hacer mayonesa, sopas y diferentes preparaciones. * Anillo para colgar practicidad que permite guardarlo f\u00e1cilmente. * Base removible facilita la limpieza del producto. * Con accesorio picador. * Bot\u00f3n ergon\u00f3mico. * Potencia 300 W. Im\u00e1genes meramente ilustrativas. Im\u00e1genes e informaci\u00f3n sujetas a cambios sin previo aviso. Detalles t\u00e9cnicos: \u2022 POTENCIA: 300 Watts \u2022 ANCHO: 10,5 CM \u2022 ALTO: 30,5 CM \u2022 LARGO: 15,5 CM \u2022 PESO: 1007 GR<\/p>\n","protected":false},"excerpt":{"rendered":"<p>* Vaso medidor especial para hacer mayonesa, sopas y diferentes preparaciones. * Anillo para colgar practicidad que permite guardarlo f\u00e1cilmente. * Base removible facilita la limpieza del producto. * Con accesorio picador. * Bot\u00f3n ergon\u00f3mico. * Potencia 300 W. Im\u00e1genes meramente ilustrativas. Im\u00e1genes e informaci\u00f3n sujetas a cambios sin previo aviso.<\/p>\n","protected":false},"featured_media":4616,"comment_status":"open","ping_status":"closed","template":"","meta":{"_et_pb_use_builder":"","_et_pb_old_content":"","_et_gb_content_width":""},"product_brand":[],"product_cat":[33],"product_tag":[],"class_list":{"0":"post-481","1":"product","2":"type-product","3":"status-publish","4":"has-post-thumbnail","6":"product_cat-cocina-y-comedor","8":"first","9":"instock","10":"shipping-taxable","11":"purchasable","12":"product-type-simple"},"_links":{"self":[{"href":"https:\/\/rubi.com.py\/index.php\/wp-json\/wp\/v2\/product\/481","targetHints":{"allow":["GET"]}}],"collection":[{"href":"https:\/\/rubi.com.py\/index.php\/wp-json\/wp\/v2\/product"}],"about":[{"href":"https:\/\/rubi.com.py\/index.php\/wp-json\/wp\/v2\/types\/product"}],"replies":[{"embeddable":true,"href":"https:\/\/rubi.com.py\/index.php\/wp-json\/wp\/v2\/comments?post=481"}],"wp:featuredmedia":[{"embeddable":true,"href":"https:\/\/rubi.com.py\/index.php\/wp-json\/wp\/v2\/media\/4616"}],"wp:attachment":[{"href":"https:\/\/rubi.com.py\/index.php\/wp-json\/wp\/v2\/media?parent=481"}],"wp:term":[{"taxonomy":"product_brand","embeddable":true,"href":"https:\/\/rubi.com.py\/index.php\/wp-json\/wp\/v2\/product_brand?post=481"},{"taxonomy":"product_cat","embeddable":true,"href":"https:\/\/rubi.com.py\/index.php\/wp-json\/wp\/v2\/product_cat?post=481"},{"taxonomy":"product_tag","embeddable":true,"href":"https:\/\/rubi.com.py\/index.php\/wp-json\/wp\/v2\/product_tag?post=481"}],"curies":[{"name":"wp","href":"https:\/\/api.w.org\/{rel}","templated":true}]}}