{"id":483,"date":"2025-09-17T22:34:51","date_gmt":"2025-09-17T20:34:51","guid":{"rendered":"https:\/\/rubi.com.py\/index.php\/producto\/mixer-tokyo-pink-3-en-1-pie-inox-con-accesorios-batidor-y-picador-400w\/"},"modified":"2026-04-20T22:05:27","modified_gmt":"2026-04-20T20:05:27","slug":"mixer-tokyo-pink-3-en-1-pie-inox-con-accesorios-batidor-y-picador-400w","status":"publish","type":"product","link":"https:\/\/rubi.com.py\/index.php\/producto\/mixer-tokyo-pink-3-en-1-pie-inox-con-accesorios-batidor-y-picador-400w\/","title":{"rendered":"MIXER TOKYO PINK 3 EN 1 PIE INOX CON ACCESORIOS BATIDOR Y PICADOR 400W"},"content":{"rendered":"<p>* 3 en 1 F\u00e1cil de limpiar y desmontar. * Brazo cortador de acero inoxidable. * Multi Funci\u00f3n Bate, mezcla y pica. * Brazo mezclador de pl\u00e1stico. * Turbo 2 Velocidades. * Vaso procesador. * Potencia 400 W. Im\u00e1genes meramente ilustrativas. Im\u00e1genes e informaci\u00f3n sujetas a cambios sin previo aviso. Detalles t\u00e9cnicos: \u2022 ANCHO: 13 CM \u2022 ALTO: 24,5 CM \u2022 LARGO: 24,5 CM \u2022 PESO: 1360 GR<\/p>\n","protected":false},"excerpt":{"rendered":"<p>* 3 en 1 F\u00e1cil de limpiar y desmontar. * Brazo cortador de acero inoxidable. * Multi Funci\u00f3n Bate, mezcla y pica. * Brazo mezclador de pl\u00e1stico. * Turbo 2 Velocidades. * Vaso procesador. * Potencia 400 W. Im\u00e1genes meramente ilustrativas. Im\u00e1genes e informaci\u00f3n sujetas a cambios sin previo aviso.<\/p>\n","protected":false},"featured_media":4595,"comment_status":"open","ping_status":"closed","template":"","meta":{"_et_pb_use_builder":"","_et_pb_old_content":"","_et_gb_content_width":""},"product_brand":[],"product_cat":[33],"product_tag":[],"class_list":{"0":"post-483","1":"product","2":"type-product","3":"status-publish","4":"has-post-thumbnail","6":"product_cat-cocina-y-comedor","8":"first","9":"instock","10":"shipping-taxable","11":"purchasable","12":"product-type-simple"},"_links":{"self":[{"href":"https:\/\/rubi.com.py\/index.php\/wp-json\/wp\/v2\/product\/483","targetHints":{"allow":["GET"]}}],"collection":[{"href":"https:\/\/rubi.com.py\/index.php\/wp-json\/wp\/v2\/product"}],"about":[{"href":"https:\/\/rubi.com.py\/index.php\/wp-json\/wp\/v2\/types\/product"}],"replies":[{"embeddable":true,"href":"https:\/\/rubi.com.py\/index.php\/wp-json\/wp\/v2\/comments?post=483"}],"wp:featuredmedia":[{"embeddable":true,"href":"https:\/\/rubi.com.py\/index.php\/wp-json\/wp\/v2\/media\/4595"}],"wp:attachment":[{"href":"https:\/\/rubi.com.py\/index.php\/wp-json\/wp\/v2\/media?parent=483"}],"wp:term":[{"taxonomy":"product_brand","embeddable":true,"href":"https:\/\/rubi.com.py\/index.php\/wp-json\/wp\/v2\/product_brand?post=483"},{"taxonomy":"product_cat","embeddable":true,"href":"https:\/\/rubi.com.py\/index.php\/wp-json\/wp\/v2\/product_cat?post=483"},{"taxonomy":"product_tag","embeddable":true,"href":"https:\/\/rubi.com.py\/index.php\/wp-json\/wp\/v2\/product_tag?post=483"}],"curies":[{"name":"wp","href":"https:\/\/api.w.org\/{rel}","templated":true}]}}