{"id":486,"date":"2025-09-17T22:35:35","date_gmt":"2025-09-17T20:35:35","guid":{"rendered":"https:\/\/rubi.com.py\/index.php\/producto\/moledor-de-carne-moulinex-mod-hv8-plus-4-en-1-2000w\/"},"modified":"2026-03-13T17:31:35","modified_gmt":"2026-03-13T16:31:35","slug":"moledor-de-carne-moulinex-mod-hv8-plus-4-en-1-2000w","status":"publish","type":"product","link":"https:\/\/rubi.com.py\/index.php\/producto\/moledor-de-carne-moulinex-mod-hv8-plus-4-en-1-2000w\/","title":{"rendered":"MOLEDOR DE CARNE MOULINEX MOD HV8 PLUS 4 EN 1 2000W"},"content":{"rendered":"<p>* Cuchilla auto-afilante que garantiza una larga vida \u00fatil de la picadora de carne. * M\u00e1xima eficiencia y versatilidad. * Sistema de marcha atr\u00e1s seguro no se puede activar por error sin volver a la posici\u00f3n de apagado. * Cuchillo, rejillas, kebbe y accesorios de salchicha se pueden almacenar en el cuerpo del aparato. * Mango grande para facilitar el transporte y el almacenamiento. * Conexi\u00f3n de metal entre el cabezal de picado y el motor. Im\u00e1genes meramente ilustrativas. Im\u00e1genes e informaci\u00f3n sujetas a cambios sin previo aviso. Detalles t\u00e9cnicos: \u2022 ANCHO: 34,6 CM \u2022 ALTO: 19,2 CM \u2022 LARGO: 36 CM \u2022 PESO: 461 GR<\/p>\n","protected":false},"excerpt":{"rendered":"<p>* Cuchilla auto-afilante que garantiza una larga vida \u00fatil de la picadora de carne. * M\u00e1xima eficiencia y versatilidad. * Sistema de marcha atr\u00e1s seguro no se puede activar por error sin volver a la posici\u00f3n de apagado. * Cuchillo, rejillas, kebbe y accesorios de salchicha se pueden almacenar en el cuerpo del aparato. * Mango grande para facilitar el transporte y el almacenamiento. * Conexi\u00f3n de metal entre el cabezal de picado y el motor. Im\u00e1genes meramente ilustrativas. Im\u00e1genes e informaci\u00f3n sujetas a cambios sin previo aviso.<\/p>\n","protected":false},"featured_media":2236,"comment_status":"open","ping_status":"closed","template":"","meta":{"_et_pb_use_builder":"","_et_pb_old_content":"","_et_gb_content_width":""},"product_brand":[],"product_cat":[33],"product_tag":[],"class_list":{"0":"post-486","1":"product","2":"type-product","3":"status-publish","4":"has-post-thumbnail","6":"product_cat-cocina-y-comedor","8":"first","9":"instock","10":"shipping-taxable","11":"purchasable","12":"product-type-simple"},"_links":{"self":[{"href":"https:\/\/rubi.com.py\/index.php\/wp-json\/wp\/v2\/product\/486","targetHints":{"allow":["GET"]}}],"collection":[{"href":"https:\/\/rubi.com.py\/index.php\/wp-json\/wp\/v2\/product"}],"about":[{"href":"https:\/\/rubi.com.py\/index.php\/wp-json\/wp\/v2\/types\/product"}],"replies":[{"embeddable":true,"href":"https:\/\/rubi.com.py\/index.php\/wp-json\/wp\/v2\/comments?post=486"}],"wp:featuredmedia":[{"embeddable":true,"href":"https:\/\/rubi.com.py\/index.php\/wp-json\/wp\/v2\/media\/2236"}],"wp:attachment":[{"href":"https:\/\/rubi.com.py\/index.php\/wp-json\/wp\/v2\/media?parent=486"}],"wp:term":[{"taxonomy":"product_brand","embeddable":true,"href":"https:\/\/rubi.com.py\/index.php\/wp-json\/wp\/v2\/product_brand?post=486"},{"taxonomy":"product_cat","embeddable":true,"href":"https:\/\/rubi.com.py\/index.php\/wp-json\/wp\/v2\/product_cat?post=486"},{"taxonomy":"product_tag","embeddable":true,"href":"https:\/\/rubi.com.py\/index.php\/wp-json\/wp\/v2\/product_tag?post=486"}],"curies":[{"name":"wp","href":"https:\/\/api.w.org\/{rel}","templated":true}]}}