{"id":488,"date":"2025-09-17T22:35:48","date_gmt":"2025-09-17T20:35:48","guid":{"rendered":"https:\/\/rubi.com.py\/index.php\/producto\/multifuerza-evolution-mod-ft-8000-30-ejercicios-torre-50-kg\/"},"modified":"2026-04-20T22:06:04","modified_gmt":"2026-04-20T20:06:04","slug":"multifuerza-evolution-mod-ft-8000-30-ejercicios-torre-50-kg","status":"publish","type":"product","link":"https:\/\/rubi.com.py\/index.php\/producto\/multifuerza-evolution-mod-ft-8000-30-ejercicios-torre-50-kg\/","title":{"rendered":"MULTIFUERZA EVOLUTION MOD FT-8000 30 EJERCICIOS TORRE 50 KG"},"content":{"rendered":"<p>* Acabado del sistema de poleas en acero con cobertor antioxidante de alta resistencia. * Incluye barra grande de 100 cm y barra peque\u00f1a de 37 cm. * Torre de pesos en pl\u00e1stico perfilado. * Peso m\u00e1ximo de usuario 130 kg. * Dise\u00f1o moderno y ergon\u00f3mico. * Hasta 30 tipos de ejercicios. * Asiento en cuero ecol\u00f3gico. * Peso del producto 90 kg. * Torre de pesos 50 kg. MEDIDAS DEL PRODUCTO. * Alto 192 cm. * Ancho 78 cm. * Profundidad 165 cm. Im\u00e1genes meramente ilustrativas. Im\u00e1genes e informaci\u00f3n sujetas a cambios sin previo aviso. Detalles t\u00e9cnicos: \u2022 CAPACIDAD: 130 kilogramo \u2022 ANCHO: 35 CM \u2022 ALTO: 183 CM \u2022 LARGO: 24 CM \u2022 PESO: 48000 GR<\/p>\n","protected":false},"excerpt":{"rendered":"<p>* Acabado del sistema de poleas en acero con cobertor antioxidante de alta resistencia. * Incluye barra grande de 100 cm y barra peque\u00f1a de 37 cm. * Torre de pesos en pl\u00e1stico perfilado. * Peso m\u00e1ximo de usuario 130 kg. * Dise\u00f1o moderno y ergon\u00f3mico. * Hasta 30 tipos de ejercicios. * Asiento en cuero ecol\u00f3gico. * Peso del producto 90 kg. * Torre de pesos 50 kg. MEDIDAS DEL PRODUCTO. * Alto 192 cm. * Ancho 78 cm. * Profundidad 165 cm. Im\u00e1genes meramente ilustrativas. Im\u00e1genes e informaci\u00f3n sujetas a cambios sin previo aviso.<\/p>\n","protected":false},"featured_media":4596,"comment_status":"open","ping_status":"closed","template":"","meta":{"_et_pb_use_builder":"","_et_pb_old_content":"","_et_gb_content_width":""},"product_brand":[],"product_cat":[35],"product_tag":[],"class_list":{"0":"post-488","1":"product","2":"type-product","3":"status-publish","4":"has-post-thumbnail","6":"product_cat-equipos-de-gimnasia","8":"first","9":"instock","10":"shipping-taxable","11":"purchasable","12":"product-type-simple"},"_links":{"self":[{"href":"https:\/\/rubi.com.py\/index.php\/wp-json\/wp\/v2\/product\/488","targetHints":{"allow":["GET"]}}],"collection":[{"href":"https:\/\/rubi.com.py\/index.php\/wp-json\/wp\/v2\/product"}],"about":[{"href":"https:\/\/rubi.com.py\/index.php\/wp-json\/wp\/v2\/types\/product"}],"replies":[{"embeddable":true,"href":"https:\/\/rubi.com.py\/index.php\/wp-json\/wp\/v2\/comments?post=488"}],"wp:featuredmedia":[{"embeddable":true,"href":"https:\/\/rubi.com.py\/index.php\/wp-json\/wp\/v2\/media\/4596"}],"wp:attachment":[{"href":"https:\/\/rubi.com.py\/index.php\/wp-json\/wp\/v2\/media?parent=488"}],"wp:term":[{"taxonomy":"product_brand","embeddable":true,"href":"https:\/\/rubi.com.py\/index.php\/wp-json\/wp\/v2\/product_brand?post=488"},{"taxonomy":"product_cat","embeddable":true,"href":"https:\/\/rubi.com.py\/index.php\/wp-json\/wp\/v2\/product_cat?post=488"},{"taxonomy":"product_tag","embeddable":true,"href":"https:\/\/rubi.com.py\/index.php\/wp-json\/wp\/v2\/product_tag?post=488"}],"curies":[{"name":"wp","href":"https:\/\/api.w.org\/{rel}","templated":true}]}}