{"id":490,"date":"2025-09-17T22:36:02","date_gmt":"2025-09-17T20:36:02","guid":{"rendered":"https:\/\/rubi.com.py\/index.php\/producto\/multiprocesador-tokyo-michef-pro-10-accesorios-6-funciones-en-1-500w\/"},"modified":"2026-04-20T22:06:18","modified_gmt":"2026-04-20T20:06:18","slug":"multiprocesador-tokyo-michef-pro-10-accesorios-6-funciones-en-1-500w","status":"publish","type":"product","link":"https:\/\/rubi.com.py\/index.php\/producto\/multiprocesador-tokyo-michef-pro-10-accesorios-6-funciones-en-1-500w\/","title":{"rendered":"MULTIPROCESADOR TOKYO MICHEF PRO 10 ACCESORIOS 6 FUNCIONES EN 1 500W"},"content":{"rendered":"<p>* Incluye diversos accesorios. * 2 velocidades + pulsar. * 6 funciones en 1. * Potencia 500W. Im\u00e1genes meramente ilustrativas. Im\u00e1genes e informaci\u00f3n sujetas a cambios sin previo aviso. Detalles t\u00e9cnicos: \u2022 ANCHO: 22 CM \u2022 ALTO: 40 CM \u2022 LARGO: 38 CM \u2022 PESO: 4000 GR<\/p>\n","protected":false},"excerpt":{"rendered":"<p>* Incluye diversos accesorios. * 2 velocidades + pulsar. * 6 funciones en 1. * Potencia 500W. Im\u00e1genes meramente ilustrativas. Im\u00e1genes e informaci\u00f3n sujetas a cambios sin previo aviso.<\/p>\n","protected":false},"featured_media":4597,"comment_status":"open","ping_status":"closed","template":"","meta":{"_et_pb_use_builder":"","_et_pb_old_content":"","_et_gb_content_width":""},"product_brand":[],"product_cat":[33],"product_tag":[],"class_list":{"0":"post-490","1":"product","2":"type-product","3":"status-publish","4":"has-post-thumbnail","6":"product_cat-cocina-y-comedor","8":"first","9":"instock","10":"shipping-taxable","11":"purchasable","12":"product-type-simple"},"_links":{"self":[{"href":"https:\/\/rubi.com.py\/index.php\/wp-json\/wp\/v2\/product\/490","targetHints":{"allow":["GET"]}}],"collection":[{"href":"https:\/\/rubi.com.py\/index.php\/wp-json\/wp\/v2\/product"}],"about":[{"href":"https:\/\/rubi.com.py\/index.php\/wp-json\/wp\/v2\/types\/product"}],"replies":[{"embeddable":true,"href":"https:\/\/rubi.com.py\/index.php\/wp-json\/wp\/v2\/comments?post=490"}],"wp:featuredmedia":[{"embeddable":true,"href":"https:\/\/rubi.com.py\/index.php\/wp-json\/wp\/v2\/media\/4597"}],"wp:attachment":[{"href":"https:\/\/rubi.com.py\/index.php\/wp-json\/wp\/v2\/media?parent=490"}],"wp:term":[{"taxonomy":"product_brand","embeddable":true,"href":"https:\/\/rubi.com.py\/index.php\/wp-json\/wp\/v2\/product_brand?post=490"},{"taxonomy":"product_cat","embeddable":true,"href":"https:\/\/rubi.com.py\/index.php\/wp-json\/wp\/v2\/product_cat?post=490"},{"taxonomy":"product_tag","embeddable":true,"href":"https:\/\/rubi.com.py\/index.php\/wp-json\/wp\/v2\/product_tag?post=490"}],"curies":[{"name":"wp","href":"https:\/\/api.w.org\/{rel}","templated":true}]}}