{"id":492,"date":"2025-09-17T22:36:13","date_gmt":"2025-09-17T20:36:13","guid":{"rendered":"https:\/\/rubi.com.py\/index.php\/producto\/nebulizador-portatil-tokyo-tk810\/"},"modified":"2026-04-20T22:06:36","modified_gmt":"2026-04-20T20:06:36","slug":"nebulizador-portatil-tokyo-tk810","status":"publish","type":"product","link":"https:\/\/rubi.com.py\/index.php\/producto\/nebulizador-portatil-tokyo-tk810\/","title":{"rendered":"NEBULIZADOR PORTATIL TOKYO TK810"},"content":{"rendered":"<p>* Accesorios 2 m\u00e1scaras (ni\u00f1o-adulto), boquilla, bolsa impermeable. * \u00cdndice de nebulizaci\u00f3n 0.2ml-min. * Frecuencia ultras\u00f3nica 140 kHz. * Apagado autom\u00e1tico sin l\u00edquido. * Volumen de l\u00edquidos 05ml-8ml. * Indicador de bater\u00eda baja. * Uso con 2 pilas AA. * Ultra silencioso. * Potencia 2W. Im\u00e1genes meramente ilustrativas. Im\u00e1genes e informaci\u00f3n sujetas a cambios sin previo aviso. Detalles t\u00e9cnicos: \u2022 TENSION ELECTRICA: 3 VOLTIOS \u2022 ANCHO: 13,5 CM \u2022 ALTO: 12 CM \u2022 LARGO: 22,5 CM \u2022 PESO: 8000 GR<\/p>\n","protected":false},"excerpt":{"rendered":"<p>* Accesorios 2 m\u00e1scaras (ni\u00f1o-adulto), boquilla, bolsa impermeable. * \u00cdndice de nebulizaci\u00f3n 0.2ml-min. * Frecuencia ultras\u00f3nica 140 kHz. * Apagado autom\u00e1tico sin l\u00edquido. * Volumen de l\u00edquidos 05ml-8ml. * Indicador de bater\u00eda baja. * Uso con 2 pilas AA. * Ultra silencioso. * Potencia 2W. Im\u00e1genes meramente ilustrativas. Im\u00e1genes e informaci\u00f3n sujetas a cambios sin previo aviso.<\/p>\n","protected":false},"featured_media":4598,"comment_status":"open","ping_status":"closed","template":"","meta":{"_et_pb_use_builder":"","_et_pb_old_content":"","_et_gb_content_width":""},"product_brand":[],"product_cat":[45],"product_tag":[],"class_list":{"0":"post-492","1":"product","2":"type-product","3":"status-publish","4":"has-post-thumbnail","6":"product_cat-salud-y-belleza","8":"first","9":"instock","10":"shipping-taxable","11":"purchasable","12":"product-type-simple"},"_links":{"self":[{"href":"https:\/\/rubi.com.py\/index.php\/wp-json\/wp\/v2\/product\/492","targetHints":{"allow":["GET"]}}],"collection":[{"href":"https:\/\/rubi.com.py\/index.php\/wp-json\/wp\/v2\/product"}],"about":[{"href":"https:\/\/rubi.com.py\/index.php\/wp-json\/wp\/v2\/types\/product"}],"replies":[{"embeddable":true,"href":"https:\/\/rubi.com.py\/index.php\/wp-json\/wp\/v2\/comments?post=492"}],"wp:featuredmedia":[{"embeddable":true,"href":"https:\/\/rubi.com.py\/index.php\/wp-json\/wp\/v2\/media\/4598"}],"wp:attachment":[{"href":"https:\/\/rubi.com.py\/index.php\/wp-json\/wp\/v2\/media?parent=492"}],"wp:term":[{"taxonomy":"product_brand","embeddable":true,"href":"https:\/\/rubi.com.py\/index.php\/wp-json\/wp\/v2\/product_brand?post=492"},{"taxonomy":"product_cat","embeddable":true,"href":"https:\/\/rubi.com.py\/index.php\/wp-json\/wp\/v2\/product_cat?post=492"},{"taxonomy":"product_tag","embeddable":true,"href":"https:\/\/rubi.com.py\/index.php\/wp-json\/wp\/v2\/product_tag?post=492"}],"curies":[{"name":"wp","href":"https:\/\/api.w.org\/{rel}","templated":true}]}}