{"id":496,"date":"2025-09-17T22:36:37","date_gmt":"2025-09-17T20:36:37","guid":{"rendered":"https:\/\/rubi.com.py\/index.php\/producto\/nebulizador-tokyo-ultrasonico-mod-fresh-air-top-c-alarma-y-termometro\/"},"modified":"2026-04-20T22:08:28","modified_gmt":"2026-04-20T20:08:28","slug":"nebulizador-tokyo-ultrasonico-mod-fresh-air-top-c-alarma-y-termometro","status":"publish","type":"product","link":"https:\/\/rubi.com.py\/index.php\/producto\/nebulizador-tokyo-ultrasonico-mod-fresh-air-top-c-alarma-y-termometro\/","title":{"rendered":"NEBULIZADOR TOKYO ULTRASONICO MOD. FRESH AIR TOP C\/ ALARMA Y TERMOMETRO"},"content":{"rendered":"<p>* Potencia 25W. * Ultras\u00f3nico. * Control a perilla. * Funcionamiento silencioso. * Incluye diversos accesorios. * Term\u00f3metro inlcuido. Detalles t\u00e9cnicos: \u2022 ANCHO: 15,5 CM \u2022 ALTO: 20 CM \u2022 LARGO: 24,5 CM \u2022 PESO: 1930 GR<\/p>\n","protected":false},"excerpt":{"rendered":"<p>* Potencia 25W. * Ultras\u00f3nico. * Control a perilla. * Funcionamiento silencioso. * Incluye diversos accesorios. * Term\u00f3metro inlcuido.<\/p>\n","protected":false},"featured_media":4602,"comment_status":"open","ping_status":"closed","template":"","meta":{"_et_pb_use_builder":"","_et_pb_old_content":"","_et_gb_content_width":""},"product_brand":[],"product_cat":[45],"product_tag":[],"class_list":{"0":"post-496","1":"product","2":"type-product","3":"status-publish","4":"has-post-thumbnail","6":"product_cat-salud-y-belleza","8":"first","9":"instock","10":"shipping-taxable","11":"purchasable","12":"product-type-simple"},"_links":{"self":[{"href":"https:\/\/rubi.com.py\/index.php\/wp-json\/wp\/v2\/product\/496","targetHints":{"allow":["GET"]}}],"collection":[{"href":"https:\/\/rubi.com.py\/index.php\/wp-json\/wp\/v2\/product"}],"about":[{"href":"https:\/\/rubi.com.py\/index.php\/wp-json\/wp\/v2\/types\/product"}],"replies":[{"embeddable":true,"href":"https:\/\/rubi.com.py\/index.php\/wp-json\/wp\/v2\/comments?post=496"}],"wp:featuredmedia":[{"embeddable":true,"href":"https:\/\/rubi.com.py\/index.php\/wp-json\/wp\/v2\/media\/4602"}],"wp:attachment":[{"href":"https:\/\/rubi.com.py\/index.php\/wp-json\/wp\/v2\/media?parent=496"}],"wp:term":[{"taxonomy":"product_brand","embeddable":true,"href":"https:\/\/rubi.com.py\/index.php\/wp-json\/wp\/v2\/product_brand?post=496"},{"taxonomy":"product_cat","embeddable":true,"href":"https:\/\/rubi.com.py\/index.php\/wp-json\/wp\/v2\/product_cat?post=496"},{"taxonomy":"product_tag","embeddable":true,"href":"https:\/\/rubi.com.py\/index.php\/wp-json\/wp\/v2\/product_tag?post=496"}],"curies":[{"name":"wp","href":"https:\/\/api.w.org\/{rel}","templated":true}]}}