{"id":500,"date":"2025-09-17T22:37:10","date_gmt":"2025-09-17T20:37:10","guid":{"rendered":"https:\/\/rubi.com.py\/index.php\/producto\/olla-imusa-24cm-tv-talent-hc-mod-0382400\/"},"modified":"2026-04-20T22:08:45","modified_gmt":"2026-04-20T20:08:45","slug":"olla-imusa-24cm-tv-talent-hc-mod-0382400","status":"publish","type":"product","link":"https:\/\/rubi.com.py\/index.php\/producto\/olla-imusa-24cm-tv-talent-hc-mod-0382400\/","title":{"rendered":"OLLA IMUSA 24CM TV TALENT HC MOD 0382400"},"content":{"rendered":"<p>* L\u00ednea Econ\u00f3mica. * F\u00e1cil de lavar. * Experto del calor. * Tapa de vidrio y salida de escape. * Termose\u00f1al. \u00bf Base difusora. * Antiderente Triforce. * Grosor 1,7 mm. * 15.000 strokes. IMAGEN ILUSTRATIVA. Detalles t\u00e9cnicos: \u2022 ANCHO: 27 CM \u2022 ALTO: 19 CM \u2022 LARGO: 36 CM \u2022 PESO: 1410 GR<\/p>\n","protected":false},"excerpt":{"rendered":"<p>* L\u00ednea Econ\u00f3mica. * F\u00e1cil de lavar. * Experto del calor. * Tapa de vidrio y salida de escape. * Termose\u00f1al. \u00bf Base difusora. * Antiderente Triforce. * Grosor 1,7 mm. * 15.000 strokes. IMAGEN ILUSTRATIVA.<\/p>\n","protected":false},"featured_media":4603,"comment_status":"open","ping_status":"closed","template":"","meta":{"_et_pb_use_builder":"","_et_pb_old_content":"","_et_gb_content_width":""},"product_brand":[],"product_cat":[33],"product_tag":[],"class_list":{"0":"post-500","1":"product","2":"type-product","3":"status-publish","4":"has-post-thumbnail","6":"product_cat-cocina-y-comedor","8":"first","9":"instock","10":"shipping-taxable","11":"purchasable","12":"product-type-simple"},"_links":{"self":[{"href":"https:\/\/rubi.com.py\/index.php\/wp-json\/wp\/v2\/product\/500","targetHints":{"allow":["GET"]}}],"collection":[{"href":"https:\/\/rubi.com.py\/index.php\/wp-json\/wp\/v2\/product"}],"about":[{"href":"https:\/\/rubi.com.py\/index.php\/wp-json\/wp\/v2\/types\/product"}],"replies":[{"embeddable":true,"href":"https:\/\/rubi.com.py\/index.php\/wp-json\/wp\/v2\/comments?post=500"}],"wp:featuredmedia":[{"embeddable":true,"href":"https:\/\/rubi.com.py\/index.php\/wp-json\/wp\/v2\/media\/4603"}],"wp:attachment":[{"href":"https:\/\/rubi.com.py\/index.php\/wp-json\/wp\/v2\/media?parent=500"}],"wp:term":[{"taxonomy":"product_brand","embeddable":true,"href":"https:\/\/rubi.com.py\/index.php\/wp-json\/wp\/v2\/product_brand?post=500"},{"taxonomy":"product_cat","embeddable":true,"href":"https:\/\/rubi.com.py\/index.php\/wp-json\/wp\/v2\/product_cat?post=500"},{"taxonomy":"product_tag","embeddable":true,"href":"https:\/\/rubi.com.py\/index.php\/wp-json\/wp\/v2\/product_tag?post=500"}],"curies":[{"name":"wp","href":"https:\/\/api.w.org\/{rel}","templated":true}]}}