{"id":511,"date":"2025-10-06T15:55:55","date_gmt":"2025-10-06T13:55:55","guid":{"rendered":"https:\/\/rubi.com.py\/index.php\/producto\/microondas-airfryer-grill-tokyo-23-lts-interior-acero-inox-pantalla-led-1-300\/"},"modified":"2026-04-21T22:02:54","modified_gmt":"2026-04-21T20:02:54","slug":"microondas-airfryer-grill-tokyo-23-lts-interior-acero-inox-pantalla-led-1-300","status":"publish","type":"product","link":"https:\/\/rubi.com.py\/index.php\/producto\/microondas-airfryer-grill-tokyo-23-lts-interior-acero-inox-pantalla-led-1-300\/","title":{"rendered":"MICROONDAS AIRFRYER + GRILL TOKYO 23 LTS. INTERIOR ACERO INOX PANTALLA LED 1.300"},"content":{"rendered":"<p>* Cuenta con 2 rejillas + 1 bandeja de horneado. * Bloque de seguridad para ni\u00f1os. * 10 men\u00fas programados. * 5 Niveles de potencia. * Funci\u00f3n descongelar. * Funci\u00f3n Convecci\u00f3n. * Airfryer integrado. * Potencia 1.300W. Im\u00e1genes meramente ilustrativas. Im\u00e1genes e informaci\u00f3n sujetas a cambios sin previo aviso. Detalles t\u00e9cnicos: \u2022 ANCHO: 47,2 CM \u2022 ALTO: 41,5 CM \u2022 LARGO: 29,7 CM \u2022 PESO: 12000 GR<\/p>\n","protected":false},"excerpt":{"rendered":"<p>* Cuenta con 2 rejillas + 1 bandeja de horneado. * Bloque de seguridad para ni\u00f1os. * 10 men\u00fas programados. * 5 Niveles de potencia. * Funci\u00f3n descongelar. * Funci\u00f3n Convecci\u00f3n. * Airfryer integrado. * Potencia 1.300W. Im\u00e1genes meramente ilustrativas. Im\u00e1genes e informaci\u00f3n sujetas a cambios sin previo aviso.<\/p>\n","protected":false},"featured_media":4754,"comment_status":"open","ping_status":"closed","template":"","meta":{"_et_pb_use_builder":"","_et_pb_old_content":"","_et_gb_content_width":""},"product_brand":[],"product_cat":[33],"product_tag":[],"class_list":{"0":"post-511","1":"product","2":"type-product","3":"status-publish","4":"has-post-thumbnail","6":"product_cat-cocina-y-comedor","8":"first","9":"instock","10":"shipping-taxable","11":"purchasable","12":"product-type-simple"},"_links":{"self":[{"href":"https:\/\/rubi.com.py\/index.php\/wp-json\/wp\/v2\/product\/511","targetHints":{"allow":["GET"]}}],"collection":[{"href":"https:\/\/rubi.com.py\/index.php\/wp-json\/wp\/v2\/product"}],"about":[{"href":"https:\/\/rubi.com.py\/index.php\/wp-json\/wp\/v2\/types\/product"}],"replies":[{"embeddable":true,"href":"https:\/\/rubi.com.py\/index.php\/wp-json\/wp\/v2\/comments?post=511"}],"wp:featuredmedia":[{"embeddable":true,"href":"https:\/\/rubi.com.py\/index.php\/wp-json\/wp\/v2\/media\/4754"}],"wp:attachment":[{"href":"https:\/\/rubi.com.py\/index.php\/wp-json\/wp\/v2\/media?parent=511"}],"wp:term":[{"taxonomy":"product_brand","embeddable":true,"href":"https:\/\/rubi.com.py\/index.php\/wp-json\/wp\/v2\/product_brand?post=511"},{"taxonomy":"product_cat","embeddable":true,"href":"https:\/\/rubi.com.py\/index.php\/wp-json\/wp\/v2\/product_cat?post=511"},{"taxonomy":"product_tag","embeddable":true,"href":"https:\/\/rubi.com.py\/index.php\/wp-json\/wp\/v2\/product_tag?post=511"}],"curies":[{"name":"wp","href":"https:\/\/api.w.org\/{rel}","templated":true}]}}