{"id":536,"date":"2025-10-06T17:26:07","date_gmt":"2025-10-06T15:26:07","guid":{"rendered":"https:\/\/rubi.com.py\/index.php\/producto\/plancha-seca-c-spray-tokyo-facilita-tok507b\/"},"modified":"2026-04-20T22:37:08","modified_gmt":"2026-04-20T20:37:08","slug":"plancha-seca-c-spray-tokyo-facilita-tok507b","status":"publish","type":"product","link":"https:\/\/rubi.com.py\/index.php\/producto\/plancha-seca-c-spray-tokyo-facilita-tok507b\/","title":{"rendered":"PLANCHA SECA C\/SPRAY TOKYO FACILITA TOK507B"},"content":{"rendered":"<p>* Temperatura regulable. * Potencia 1200W. * Con spray. * 220-50Hz. Im\u00e1genes meramente ilustrativas. Im\u00e1genes e informaci\u00f3n sujetas a cambios sin previo aviso. Detalles t\u00e9cnicos: \u2022 ANCHO: 10,5 CM \u2022 ALTO: 11,5 CM \u2022 LARGO: 25 CM \u2022 PESO: 760 GR<\/p>\n","protected":false},"excerpt":{"rendered":"<p>* Temperatura regulable. * Potencia 1200W. * Con spray. * 220-50Hz. Im\u00e1genes meramente ilustrativas. Im\u00e1genes e informaci\u00f3n sujetas a cambios sin previo aviso.<\/p>\n","protected":false},"featured_media":4664,"comment_status":"open","ping_status":"closed","template":"","meta":{"_et_pb_use_builder":"","_et_pb_old_content":"","_et_gb_content_width":""},"product_brand":[],"product_cat":[41],"product_tag":[],"class_list":{"0":"post-536","1":"product","2":"type-product","3":"status-publish","4":"has-post-thumbnail","6":"product_cat-lavado-y-cuidado-de-prendas","8":"first","9":"instock","10":"shipping-taxable","11":"purchasable","12":"product-type-simple"},"_links":{"self":[{"href":"https:\/\/rubi.com.py\/index.php\/wp-json\/wp\/v2\/product\/536","targetHints":{"allow":["GET"]}}],"collection":[{"href":"https:\/\/rubi.com.py\/index.php\/wp-json\/wp\/v2\/product"}],"about":[{"href":"https:\/\/rubi.com.py\/index.php\/wp-json\/wp\/v2\/types\/product"}],"replies":[{"embeddable":true,"href":"https:\/\/rubi.com.py\/index.php\/wp-json\/wp\/v2\/comments?post=536"}],"wp:featuredmedia":[{"embeddable":true,"href":"https:\/\/rubi.com.py\/index.php\/wp-json\/wp\/v2\/media\/4664"}],"wp:attachment":[{"href":"https:\/\/rubi.com.py\/index.php\/wp-json\/wp\/v2\/media?parent=536"}],"wp:term":[{"taxonomy":"product_brand","embeddable":true,"href":"https:\/\/rubi.com.py\/index.php\/wp-json\/wp\/v2\/product_brand?post=536"},{"taxonomy":"product_cat","embeddable":true,"href":"https:\/\/rubi.com.py\/index.php\/wp-json\/wp\/v2\/product_cat?post=536"},{"taxonomy":"product_tag","embeddable":true,"href":"https:\/\/rubi.com.py\/index.php\/wp-json\/wp\/v2\/product_tag?post=536"}],"curies":[{"name":"wp","href":"https:\/\/api.w.org\/{rel}","templated":true}]}}