{"id":538,"date":"2025-10-06T17:55:14","date_gmt":"2025-10-06T15:55:14","guid":{"rendered":"https:\/\/rubi.com.py\/index.php\/producto\/sarten-imusa-ad-30cm-tv-ir-mod-0127400\/"},"modified":"2026-04-20T22:27:49","modified_gmt":"2026-04-20T20:27:49","slug":"sarten-imusa-ad-30cm-tv-ir-mod-0127400","status":"publish","type":"product","link":"https:\/\/rubi.com.py\/index.php\/producto\/sarten-imusa-ad-30cm-tv-ir-mod-0127400\/","title":{"rendered":"SARTEN IMUSA AD 30CM TV I+R MOD-0127400"},"content":{"rendered":"<p>* Material Aluminio &#8211; Antiadherente. * Ciclos de Abrasi\u00f3n 30.000. * Mango Acero Inoxidable. * Espesor 2.2 milimetros. * Color Vinotinto DIMENSIONES DEL PRODUCTO. * Di\u00e1metro 30cm. * Alto 48cm. * Largo 12cm. Im\u00e1genes meramente ilustrativas. Im\u00e1genes e informaci\u00f3n sujetas a cambios sin previo aviso. Detalles t\u00e9cnicos: \u2022 ANCHO: 56 CM \u2022 ALTO: 10 CM \u2022 LARGO: 31 CM \u2022 PESO: 2270 GR<\/p>\n","protected":false},"excerpt":{"rendered":"<p>* Material Aluminio &#8211; Antiadherente. * Ciclos de Abrasi\u00f3n 30.000. * Mango Acero Inoxidable. * Espesor 2.2 milimetros. * Color Vinotinto DIMENSIONES DEL PRODUCTO. * Di\u00e1metro 30cm. * Alto 48cm. * Largo 12cm. Im\u00e1genes meramente ilustrativas. Im\u00e1genes e informaci\u00f3n sujetas a cambios sin previo aviso.<\/p>\n","protected":false},"featured_media":4649,"comment_status":"open","ping_status":"closed","template":"","meta":{"_et_pb_use_builder":"","_et_pb_old_content":"","_et_gb_content_width":""},"product_brand":[],"product_cat":[33],"product_tag":[],"class_list":{"0":"post-538","1":"product","2":"type-product","3":"status-publish","4":"has-post-thumbnail","6":"product_cat-cocina-y-comedor","8":"first","9":"instock","10":"shipping-taxable","11":"purchasable","12":"product-type-simple"},"_links":{"self":[{"href":"https:\/\/rubi.com.py\/index.php\/wp-json\/wp\/v2\/product\/538","targetHints":{"allow":["GET"]}}],"collection":[{"href":"https:\/\/rubi.com.py\/index.php\/wp-json\/wp\/v2\/product"}],"about":[{"href":"https:\/\/rubi.com.py\/index.php\/wp-json\/wp\/v2\/types\/product"}],"replies":[{"embeddable":true,"href":"https:\/\/rubi.com.py\/index.php\/wp-json\/wp\/v2\/comments?post=538"}],"wp:featuredmedia":[{"embeddable":true,"href":"https:\/\/rubi.com.py\/index.php\/wp-json\/wp\/v2\/media\/4649"}],"wp:attachment":[{"href":"https:\/\/rubi.com.py\/index.php\/wp-json\/wp\/v2\/media?parent=538"}],"wp:term":[{"taxonomy":"product_brand","embeddable":true,"href":"https:\/\/rubi.com.py\/index.php\/wp-json\/wp\/v2\/product_brand?post=538"},{"taxonomy":"product_cat","embeddable":true,"href":"https:\/\/rubi.com.py\/index.php\/wp-json\/wp\/v2\/product_cat?post=538"},{"taxonomy":"product_tag","embeddable":true,"href":"https:\/\/rubi.com.py\/index.php\/wp-json\/wp\/v2\/product_tag?post=538"}],"curies":[{"name":"wp","href":"https:\/\/api.w.org\/{rel}","templated":true}]}}