{"id":553,"date":"2025-10-06T17:59:03","date_gmt":"2025-10-06T15:59:03","guid":{"rendered":"https:\/\/rubi.com.py\/index.php\/producto\/sandwichera-tokyo-4-panes-inox-placa-triangular-1200w\/"},"modified":"2026-04-20T22:25:45","modified_gmt":"2026-04-20T20:25:45","slug":"sandwichera-tokyo-4-panes-inox-placa-triangular-1200w","status":"publish","type":"product","link":"https:\/\/rubi.com.py\/index.php\/producto\/sandwichera-tokyo-4-panes-inox-placa-triangular-1200w\/","title":{"rendered":"SANDWICHERA TOKYO 4 PANES INOX PLACA TRIANGULAR 1200W"},"content":{"rendered":"<p>* Manija con pesta\u00f1a de seguridad. * Termostato autom\u00e1tico. * Placas triangulares. * Luces indicadoras. * Potencia 1200W. Im\u00e1genes meramente ilustrativas. Im\u00e1genes e informaci\u00f3n sujetas a cambios sin previo aviso. Detalles t\u00e9cnicos: \u2022 ANCHO: 30,4 CM \u2022 ALTO: 12,5 CM \u2022 LARGO: 35 CM \u2022 PESO: 2100 GR<\/p>\n","protected":false},"excerpt":{"rendered":"<p>* Manija con pesta\u00f1a de seguridad. * Termostato autom\u00e1tico. * Placas triangulares. * Luces indicadoras. * Potencia 1200W. Im\u00e1genes meramente ilustrativas. Im\u00e1genes e informaci\u00f3n sujetas a cambios sin previo aviso.<\/p>\n","protected":false},"featured_media":4642,"comment_status":"open","ping_status":"closed","template":"","meta":{"_et_pb_use_builder":"","_et_pb_old_content":"","_et_gb_content_width":""},"product_brand":[],"product_cat":[33],"product_tag":[],"class_list":{"0":"post-553","1":"product","2":"type-product","3":"status-publish","4":"has-post-thumbnail","6":"product_cat-cocina-y-comedor","8":"first","9":"instock","10":"shipping-taxable","11":"purchasable","12":"product-type-simple"},"_links":{"self":[{"href":"https:\/\/rubi.com.py\/index.php\/wp-json\/wp\/v2\/product\/553","targetHints":{"allow":["GET"]}}],"collection":[{"href":"https:\/\/rubi.com.py\/index.php\/wp-json\/wp\/v2\/product"}],"about":[{"href":"https:\/\/rubi.com.py\/index.php\/wp-json\/wp\/v2\/types\/product"}],"replies":[{"embeddable":true,"href":"https:\/\/rubi.com.py\/index.php\/wp-json\/wp\/v2\/comments?post=553"}],"wp:featuredmedia":[{"embeddable":true,"href":"https:\/\/rubi.com.py\/index.php\/wp-json\/wp\/v2\/media\/4642"}],"wp:attachment":[{"href":"https:\/\/rubi.com.py\/index.php\/wp-json\/wp\/v2\/media?parent=553"}],"wp:term":[{"taxonomy":"product_brand","embeddable":true,"href":"https:\/\/rubi.com.py\/index.php\/wp-json\/wp\/v2\/product_brand?post=553"},{"taxonomy":"product_cat","embeddable":true,"href":"https:\/\/rubi.com.py\/index.php\/wp-json\/wp\/v2\/product_cat?post=553"},{"taxonomy":"product_tag","embeddable":true,"href":"https:\/\/rubi.com.py\/index.php\/wp-json\/wp\/v2\/product_tag?post=553"}],"curies":[{"name":"wp","href":"https:\/\/api.w.org\/{rel}","templated":true}]}}