{"id":555,"date":"2025-10-06T17:59:19","date_gmt":"2025-10-06T15:59:19","guid":{"rendered":"https:\/\/rubi.com.py\/index.php\/producto\/sandwichera-grill-ggra-xl-premium-220v-1830-w\/"},"modified":"2026-04-20T22:25:29","modified_gmt":"2026-04-20T20:25:29","slug":"sandwichera-grill-ggra-xl-premium-220v-1830-w","status":"publish","type":"product","link":"https:\/\/rubi.com.py\/index.php\/producto\/sandwichera-grill-ggra-xl-premium-220v-1830-w\/","title":{"rendered":"SANDWICHERA GRILL GGRA XL PREMIUM 220V 1830 W"},"content":{"rendered":"<p>* 2 modos de uso extendida y cerrada. * 4 niveles de calentamiento. * Bloqueo de seguridad. * Luces indicadoras. * Potencia 1830W. * Control a perilla. Im\u00e1genes meramente ilustrativas. Im\u00e1genes e informaci\u00f3n sujetas a cambios sin previo aviso. Detalles t\u00e9cnicos: \u2022 POTENCIA: 1830 Watts \u2022 COLOR: INOX COLOR \u2022 ANCHO: 17,5 CM \u2022 ALTO: 35,5 CM \u2022 LARGO: 37,6 CM \u2022 PESO: 3500 GR<\/p>\n","protected":false},"excerpt":{"rendered":"<p>* 2 modos de uso extendida y cerrada. * 4 niveles de calentamiento. * Bloqueo de seguridad. * Luces indicadoras. * Potencia 1830W. * Control a perilla. Im\u00e1genes meramente ilustrativas. Im\u00e1genes e informaci\u00f3n sujetas a cambios sin previo aviso.<\/p>\n","protected":false},"featured_media":4641,"comment_status":"open","ping_status":"closed","template":"","meta":{"_et_pb_use_builder":"","_et_pb_old_content":"","_et_gb_content_width":""},"product_brand":[],"product_cat":[33],"product_tag":[],"class_list":{"0":"post-555","1":"product","2":"type-product","3":"status-publish","4":"has-post-thumbnail","6":"product_cat-cocina-y-comedor","8":"first","9":"instock","10":"shipping-taxable","11":"purchasable","12":"product-type-simple"},"_links":{"self":[{"href":"https:\/\/rubi.com.py\/index.php\/wp-json\/wp\/v2\/product\/555","targetHints":{"allow":["GET"]}}],"collection":[{"href":"https:\/\/rubi.com.py\/index.php\/wp-json\/wp\/v2\/product"}],"about":[{"href":"https:\/\/rubi.com.py\/index.php\/wp-json\/wp\/v2\/types\/product"}],"replies":[{"embeddable":true,"href":"https:\/\/rubi.com.py\/index.php\/wp-json\/wp\/v2\/comments?post=555"}],"wp:featuredmedia":[{"embeddable":true,"href":"https:\/\/rubi.com.py\/index.php\/wp-json\/wp\/v2\/media\/4641"}],"wp:attachment":[{"href":"https:\/\/rubi.com.py\/index.php\/wp-json\/wp\/v2\/media?parent=555"}],"wp:term":[{"taxonomy":"product_brand","embeddable":true,"href":"https:\/\/rubi.com.py\/index.php\/wp-json\/wp\/v2\/product_brand?post=555"},{"taxonomy":"product_cat","embeddable":true,"href":"https:\/\/rubi.com.py\/index.php\/wp-json\/wp\/v2\/product_cat?post=555"},{"taxonomy":"product_tag","embeddable":true,"href":"https:\/\/rubi.com.py\/index.php\/wp-json\/wp\/v2\/product_tag?post=555"}],"curies":[{"name":"wp","href":"https:\/\/api.w.org\/{rel}","templated":true}]}}