{"id":557,"date":"2025-10-06T17:59:36","date_gmt":"2025-10-06T15:59:36","guid":{"rendered":"https:\/\/rubi.com.py\/index.php\/producto\/sandwichera-grill-dual-arno-gnox-inox-220v-1100-w\/"},"modified":"2026-04-20T22:36:06","modified_gmt":"2026-04-20T20:36:06","slug":"sandwichera-grill-dual-arno-gnox-inox-220v-1100-w","status":"publish","type":"product","link":"https:\/\/rubi.com.py\/index.php\/producto\/sandwichera-grill-dual-arno-gnox-inox-220v-1100-w\/","title":{"rendered":"SANDWICHERA GRILL DUAL ARNO GNOX INOX 220V 1100 W"},"content":{"rendered":"<p>* Incluye recipientes recolectores de grasa. * 2 modos de uso, cerrada y extendida. * Superficie de cocci\u00f3n antiadherente. * Regulador de temperatura a perilla. * Luces indicadoras. * Potencia 1100W. Im\u00e1genes meramente ilustrativas. Im\u00e1genes e informaci\u00f3n sujetas a cambios sin previo aviso. Detalles t\u00e9cnicos: \u2022 POTENCIA: 1100 Watts \u2022 ANCHO: 14,9 CM \u2022 ALTO: 31,2 CM \u2022 LARGO: 33,4 CM \u2022 PESO: 2180 GR<\/p>\n","protected":false},"excerpt":{"rendered":"<p>* Incluye recipientes recolectores de grasa. * 2 modos de uso, cerrada y extendida. * Superficie de cocci\u00f3n antiadherente. * Regulador de temperatura a perilla. * Luces indicadoras. * Potencia 1100W. Im\u00e1genes meramente ilustrativas. Im\u00e1genes e informaci\u00f3n sujetas a cambios sin previo aviso.<\/p>\n","protected":false},"featured_media":4661,"comment_status":"open","ping_status":"closed","template":"","meta":{"_et_pb_use_builder":"","_et_pb_old_content":"","_et_gb_content_width":""},"product_brand":[],"product_cat":[33],"product_tag":[],"class_list":{"0":"post-557","1":"product","2":"type-product","3":"status-publish","4":"has-post-thumbnail","6":"product_cat-cocina-y-comedor","8":"first","9":"instock","10":"shipping-taxable","11":"purchasable","12":"product-type-simple"},"_links":{"self":[{"href":"https:\/\/rubi.com.py\/index.php\/wp-json\/wp\/v2\/product\/557","targetHints":{"allow":["GET"]}}],"collection":[{"href":"https:\/\/rubi.com.py\/index.php\/wp-json\/wp\/v2\/product"}],"about":[{"href":"https:\/\/rubi.com.py\/index.php\/wp-json\/wp\/v2\/types\/product"}],"replies":[{"embeddable":true,"href":"https:\/\/rubi.com.py\/index.php\/wp-json\/wp\/v2\/comments?post=557"}],"wp:featuredmedia":[{"embeddable":true,"href":"https:\/\/rubi.com.py\/index.php\/wp-json\/wp\/v2\/media\/4661"}],"wp:attachment":[{"href":"https:\/\/rubi.com.py\/index.php\/wp-json\/wp\/v2\/media?parent=557"}],"wp:term":[{"taxonomy":"product_brand","embeddable":true,"href":"https:\/\/rubi.com.py\/index.php\/wp-json\/wp\/v2\/product_brand?post=557"},{"taxonomy":"product_cat","embeddable":true,"href":"https:\/\/rubi.com.py\/index.php\/wp-json\/wp\/v2\/product_cat?post=557"},{"taxonomy":"product_tag","embeddable":true,"href":"https:\/\/rubi.com.py\/index.php\/wp-json\/wp\/v2\/product_tag?post=557"}],"curies":[{"name":"wp","href":"https:\/\/api.w.org\/{rel}","templated":true}]}}