{"id":559,"date":"2025-10-06T17:59:58","date_gmt":"2025-10-06T15:59:58","guid":{"rendered":"https:\/\/rubi.com.py\/index.php\/producto\/sandwichera-grill-arno-compact-uno-guno-640w-220v-50hz\/"},"modified":"2026-04-20T22:35:48","modified_gmt":"2026-04-20T20:35:48","slug":"sandwichera-grill-arno-compact-uno-guno-640w-220v-50hz","status":"publish","type":"product","link":"https:\/\/rubi.com.py\/index.php\/producto\/sandwichera-grill-arno-compact-uno-guno-640w-220v-50hz\/","title":{"rendered":"SANDWICHERA GRILL ARNO COMPACT UNO GUNO 640W 220V\/50HZ"},"content":{"rendered":"<p>* El mango fr\u00edo y el bloqueo lateral garantizan una mayor seguridad incluso durante el uso. * La placa superior vers\u00e1til se ajusta a la altura de los alimentos. * Superficie de cocci\u00f3n antiadherente. * Control de temperatura. * Bloqueo de seguridad. * Recolector de grasa. * Potencia 700W. * Luz indicadora. Im\u00e1genes meramente ilustrativas. Im\u00e1genes e informaci\u00f3n sujetas a cambios sin previo aviso. Detalles t\u00e9cnicos: \u2022 POTENCIA: 700 Watts \u2022 ANCHO: 10,7 CM \u2022 ALTO: 24,3 CM \u2022 LARGO: 28,8 CM \u2022 PESO: 1717 GR<\/p>\n","protected":false},"excerpt":{"rendered":"<p>* El mango fr\u00edo y el bloqueo lateral garantizan una mayor seguridad incluso durante el uso. * La placa superior vers\u00e1til se ajusta a la altura de los alimentos. * Superficie de cocci\u00f3n antiadherente. * Control de temperatura. * Bloqueo de seguridad. * Recolector de grasa. * Potencia 700W. * Luz indicadora. Im\u00e1genes meramente ilustrativas. Im\u00e1genes e informaci\u00f3n sujetas a cambios sin previo aviso.<\/p>\n","protected":false},"featured_media":4660,"comment_status":"open","ping_status":"closed","template":"","meta":{"_et_pb_use_builder":"","_et_pb_old_content":"","_et_gb_content_width":""},"product_brand":[],"product_cat":[33],"product_tag":[],"class_list":{"0":"post-559","1":"product","2":"type-product","3":"status-publish","4":"has-post-thumbnail","6":"product_cat-cocina-y-comedor","8":"first","9":"instock","10":"shipping-taxable","11":"purchasable","12":"product-type-simple"},"_links":{"self":[{"href":"https:\/\/rubi.com.py\/index.php\/wp-json\/wp\/v2\/product\/559","targetHints":{"allow":["GET"]}}],"collection":[{"href":"https:\/\/rubi.com.py\/index.php\/wp-json\/wp\/v2\/product"}],"about":[{"href":"https:\/\/rubi.com.py\/index.php\/wp-json\/wp\/v2\/types\/product"}],"replies":[{"embeddable":true,"href":"https:\/\/rubi.com.py\/index.php\/wp-json\/wp\/v2\/comments?post=559"}],"wp:featuredmedia":[{"embeddable":true,"href":"https:\/\/rubi.com.py\/index.php\/wp-json\/wp\/v2\/media\/4660"}],"wp:attachment":[{"href":"https:\/\/rubi.com.py\/index.php\/wp-json\/wp\/v2\/media?parent=559"}],"wp:term":[{"taxonomy":"product_brand","embeddable":true,"href":"https:\/\/rubi.com.py\/index.php\/wp-json\/wp\/v2\/product_brand?post=559"},{"taxonomy":"product_cat","embeddable":true,"href":"https:\/\/rubi.com.py\/index.php\/wp-json\/wp\/v2\/product_cat?post=559"},{"taxonomy":"product_tag","embeddable":true,"href":"https:\/\/rubi.com.py\/index.php\/wp-json\/wp\/v2\/product_tag?post=559"}],"curies":[{"name":"wp","href":"https:\/\/api.w.org\/{rel}","templated":true}]}}