{"id":563,"date":"2025-10-06T18:03:01","date_gmt":"2025-10-06T16:03:01","guid":{"rendered":"https:\/\/rubi.com.py\/index.php\/producto\/refrigerador-comercial-inox-atosa-mod-ybf9204-2ptas-410lts-2-a-8\/"},"modified":"2026-04-20T22:34:59","modified_gmt":"2026-04-20T20:34:59","slug":"refrigerador-comercial-inox-atosa-mod-ybf9204-2ptas-410lts-2-a-8","status":"publish","type":"product","link":"https:\/\/rubi.com.py\/index.php\/producto\/refrigerador-comercial-inox-atosa-mod-ybf9204-2ptas-410lts-2-a-8\/","title":{"rendered":"REFRIGERADOR COMERCIAL INOX  ATOSA MOD. YBF9204 2PTAS 410LTS -2 A 8"},"content":{"rendered":"<p>* Exterior e interior en acero inoxidable. * 2 puertas con cierre autom\u00e1tico y con permanencia abierta. * 4 ruedas preinstaladas con frenos. * Puerta con llave de seguridad y manija embutida. * Juntas de las puertas magn\u00e9ticas. * 3 estantes ajustables. * Termostato digital Dixell &#8211; Carel. * Capacidad 410 litros. * Temperatura -2\u00b0 a +8\u00b0C. * Refrigerante R134a. * Sistema de enfriamiento ventilado. * Voltaje 220 V &#8211; 50 Hz. * Consumo 250 W. * Peso 90 Kg. MEDIDAS DEL PRODUCTO. * Ancho 600 mm. * Profundidad 745 mm. * Alto 1950 mm. Im\u00e1genes meramente ilustrativas. Im\u00e1genes e informaci\u00f3n sujetas a cambios sin previo aviso. Detalles t\u00e9cnicos: \u2022 ANCHO: 77,4 CM \u2022 ALTO: 202,4 CM \u2022 LARGO: 64 CM \u2022 PESO: 1 GR<\/p>\n","protected":false},"excerpt":{"rendered":"<p>* Exterior e interior en acero inoxidable. * 2 puertas con cierre autom\u00e1tico y con permanencia abierta. * 4 ruedas preinstaladas con frenos. * Puerta con llave de seguridad y manija embutida. * Juntas de las puertas magn\u00e9ticas. * 3 estantes ajustables. * Termostato digital Dixell &#8211; Carel. * Capacidad 410 litros. * Temperatura -2\u00b0 a +8\u00b0C. * Refrigerante R134a. * Sistema de enfriamiento ventilado. * Voltaje 220 V &#8211; 50 Hz. * Consumo 250 W. * Peso 90 Kg. MEDIDAS DEL PRODUCTO. * Ancho 600 mm. * Profundidad 745 mm. * Alto 1950 mm. Im\u00e1genes meramente ilustrativas. Im\u00e1genes e informaci\u00f3n sujetas a cambios sin previo aviso.<\/p>\n","protected":false},"featured_media":4658,"comment_status":"open","ping_status":"closed","template":"","meta":{"_et_pb_use_builder":"","_et_pb_old_content":"","_et_gb_content_width":""},"product_brand":[],"product_cat":[33,39],"product_tag":[],"class_list":{"0":"post-563","1":"product","2":"type-product","3":"status-publish","4":"has-post-thumbnail","6":"product_cat-cocina-y-comedor","7":"product_cat-industria-comercio-y-campo","9":"first","10":"instock","11":"shipping-taxable","12":"purchasable","13":"product-type-simple"},"_links":{"self":[{"href":"https:\/\/rubi.com.py\/index.php\/wp-json\/wp\/v2\/product\/563","targetHints":{"allow":["GET"]}}],"collection":[{"href":"https:\/\/rubi.com.py\/index.php\/wp-json\/wp\/v2\/product"}],"about":[{"href":"https:\/\/rubi.com.py\/index.php\/wp-json\/wp\/v2\/types\/product"}],"replies":[{"embeddable":true,"href":"https:\/\/rubi.com.py\/index.php\/wp-json\/wp\/v2\/comments?post=563"}],"wp:featuredmedia":[{"embeddable":true,"href":"https:\/\/rubi.com.py\/index.php\/wp-json\/wp\/v2\/media\/4658"}],"wp:attachment":[{"href":"https:\/\/rubi.com.py\/index.php\/wp-json\/wp\/v2\/media?parent=563"}],"wp:term":[{"taxonomy":"product_brand","embeddable":true,"href":"https:\/\/rubi.com.py\/index.php\/wp-json\/wp\/v2\/product_brand?post=563"},{"taxonomy":"product_cat","embeddable":true,"href":"https:\/\/rubi.com.py\/index.php\/wp-json\/wp\/v2\/product_cat?post=563"},{"taxonomy":"product_tag","embeddable":true,"href":"https:\/\/rubi.com.py\/index.php\/wp-json\/wp\/v2\/product_tag?post=563"}],"curies":[{"name":"wp","href":"https:\/\/api.w.org\/{rel}","templated":true}]}}