{"id":565,"date":"2025-10-06T18:03:23","date_gmt":"2025-10-06T16:03:23","guid":{"rendered":"https:\/\/rubi.com.py\/index.php\/producto\/rechaud-tramontina-bano-maria-redondo\/"},"modified":"2026-04-20T22:34:18","modified_gmt":"2026-04-20T20:34:18","slug":"rechaud-tramontina-bano-maria-redondo","status":"publish","type":"product","link":"https:\/\/rubi.com.py\/index.php\/producto\/rechaud-tramontina-bano-maria-redondo\/","title":{"rendered":"RECHAUD TRAMONTINA BA\u00d1O MARIA REDONDO"},"content":{"rendered":"<p>* La resistencia del rechaud tiene termostato que mantiene la temperatura del agua en una faja de 80 a 90 grados Celsius, que evita que se recaliente en el caso que se produzca falta de agua en la cuba externa. * Hecho totalmente de acero inoxidable, no suelta residuos en los alimentos, manteni\u00e9ndolos sanos. * Producto certificado de acuerdo al IFBQ Falc\u00e3o Bauer OCP003 Seguridad obligatoria INMETRO. * Cuba con bordes redondeados y paredes lisas que facilitan la limpieza. * Perfecto para buffets, fiestas y eventos m\u00e1s sofisticados. * Conserva los alimentos en la temperatura ideal. * La resistencia acompa\u00f1a al producto. * Las asas facilitan el transporte. * Material acero inoxidable. * Cuba de alta resistencia. * Potencia 350W. * Tensi\u00f3n 220V. Im\u00e1genes meramente ilustrativas. Im\u00e1genes e informaci\u00f3n sujetas a cambios sin previo aviso. Detalles t\u00e9cnicos: \u2022 ANCHO: 55,5 CM \u2022 ALTO: 38 CM \u2022 LARGO: 56 CM \u2022 PESO: 1 GR<\/p>\n","protected":false},"excerpt":{"rendered":"<p>* La resistencia del rechaud tiene termostato que mantiene la temperatura del agua en una faja de 80 a 90 grados Celsius, que evita que se recaliente en el caso que se produzca falta de agua en la cuba externa. * Hecho totalmente de acero inoxidable, no suelta residuos en los alimentos, manteni\u00e9ndolos sanos. * Producto certificado de acuerdo al IFBQ Falc\u00e3o Bauer OCP003 Seguridad obligatoria INMETRO. * Cuba con bordes redondeados y paredes lisas que facilitan la limpieza. * Perfecto para buffets, fiestas y eventos m\u00e1s sofisticados. * Conserva los alimentos en la temperatura ideal. * La resistencia acompa\u00f1a al producto. * Las asas facilitan el transporte. * Material acero inoxidable. * Cuba de alta resistencia. * Potencia 350W. * Tensi\u00f3n 220V. Im\u00e1genes meramente ilustrativas. Im\u00e1genes e informaci\u00f3n sujetas a cambios sin previo aviso.<\/p>\n","protected":false},"featured_media":4657,"comment_status":"open","ping_status":"closed","template":"","meta":{"_et_pb_use_builder":"","_et_pb_old_content":"","_et_gb_content_width":""},"product_brand":[],"product_cat":[33],"product_tag":[],"class_list":{"0":"post-565","1":"product","2":"type-product","3":"status-publish","4":"has-post-thumbnail","6":"product_cat-cocina-y-comedor","8":"first","9":"instock","10":"shipping-taxable","11":"purchasable","12":"product-type-simple"},"_links":{"self":[{"href":"https:\/\/rubi.com.py\/index.php\/wp-json\/wp\/v2\/product\/565","targetHints":{"allow":["GET"]}}],"collection":[{"href":"https:\/\/rubi.com.py\/index.php\/wp-json\/wp\/v2\/product"}],"about":[{"href":"https:\/\/rubi.com.py\/index.php\/wp-json\/wp\/v2\/types\/product"}],"replies":[{"embeddable":true,"href":"https:\/\/rubi.com.py\/index.php\/wp-json\/wp\/v2\/comments?post=565"}],"wp:featuredmedia":[{"embeddable":true,"href":"https:\/\/rubi.com.py\/index.php\/wp-json\/wp\/v2\/media\/4657"}],"wp:attachment":[{"href":"https:\/\/rubi.com.py\/index.php\/wp-json\/wp\/v2\/media?parent=565"}],"wp:term":[{"taxonomy":"product_brand","embeddable":true,"href":"https:\/\/rubi.com.py\/index.php\/wp-json\/wp\/v2\/product_brand?post=565"},{"taxonomy":"product_cat","embeddable":true,"href":"https:\/\/rubi.com.py\/index.php\/wp-json\/wp\/v2\/product_cat?post=565"},{"taxonomy":"product_tag","embeddable":true,"href":"https:\/\/rubi.com.py\/index.php\/wp-json\/wp\/v2\/product_tag?post=565"}],"curies":[{"name":"wp","href":"https:\/\/api.w.org\/{rel}","templated":true}]}}