{"id":570,"date":"2025-10-06T18:05:47","date_gmt":"2025-10-06T16:05:47","guid":{"rendered":"https:\/\/rubi.com.py\/index.php\/producto\/purificador-whirlpool-enp60bc-60cm-inox-c-negro\/"},"modified":"2026-04-20T22:30:03","modified_gmt":"2026-04-20T20:30:03","slug":"purificador-whirlpool-enp60bc-60cm-inox-c-negro","status":"publish","type":"product","link":"https:\/\/rubi.com.py\/index.php\/producto\/purificador-whirlpool-enp60bc-60cm-inox-c-negro\/","title":{"rendered":"PURIFICADOR WHIRLPOOL ENP60BC 60CM INOX C\/ NEGRO"},"content":{"rendered":"<p>* Cocina libre de Olores Los purificadores Whirpool son perfectos para cualquier tipo de cocina, cuentan con 3 niveles de aspiraci\u00f3n, l\u00e1mpara y una visera de vidrio m\u00f3vil. * Diferentes Velocidades de Aspiraci\u00f3n Cuenta con un motor potenciado y 3 velocidades de aspiraci\u00f3n que te permiten regular el nivel de potencia de acuerdo a los distintos tipos de comida que est\u00e9s preparando, adapt\u00e1ndose f\u00e1cilmente a tus necesidades. * Salida al Exterior Filtro opcional de f\u00e1cil instalaci\u00f3n para convertir a sin salida al exterior. * 450 m3-h. MEDIDAS DEL PRODUCTO. * Ancho 60 cm. * Alto 15 cm. * Profundidad 50,5 cm. Im\u00e1genes meramente ilustrativas. Im\u00e1genes e informaci\u00f3n sujetas a cambios sin previo aviso. Detalles t\u00e9cnicos: \u2022 ANCHO: 20,3 CM \u2022 ALTO: 56 CM \u2022 LARGO: 64,5 CM \u2022 PESO: 7500 GR<\/p>\n","protected":false},"excerpt":{"rendered":"<p>* Cocina libre de Olores Los purificadores Whirpool son perfectos para cualquier tipo de cocina, cuentan con 3 niveles de aspiraci\u00f3n, l\u00e1mpara y una visera de vidrio m\u00f3vil. * Diferentes Velocidades de Aspiraci\u00f3n Cuenta con un motor potenciado y 3 velocidades de aspiraci\u00f3n que te permiten regular el nivel de potencia de acuerdo a los distintos tipos de comida que est\u00e9s preparando, adapt\u00e1ndose f\u00e1cilmente a tus necesidades. * Salida al Exterior Filtro opcional de f\u00e1cil instalaci\u00f3n para convertir a sin salida al exterior. * 450 m3-h. MEDIDAS DEL PRODUCTO. * Ancho 60 cm. * Alto 15 cm. * Profundidad 50,5 cm. Im\u00e1genes meramente ilustrativas. Im\u00e1genes e informaci\u00f3n sujetas a cambios sin previo aviso.<\/p>\n","protected":false},"featured_media":4653,"comment_status":"open","ping_status":"closed","template":"","meta":{"_et_pb_use_builder":"","_et_pb_old_content":"","_et_gb_content_width":""},"product_brand":[],"product_cat":[33],"product_tag":[],"class_list":{"0":"post-570","1":"product","2":"type-product","3":"status-publish","4":"has-post-thumbnail","6":"product_cat-cocina-y-comedor","8":"first","9":"instock","10":"shipping-taxable","11":"purchasable","12":"product-type-simple"},"_links":{"self":[{"href":"https:\/\/rubi.com.py\/index.php\/wp-json\/wp\/v2\/product\/570","targetHints":{"allow":["GET"]}}],"collection":[{"href":"https:\/\/rubi.com.py\/index.php\/wp-json\/wp\/v2\/product"}],"about":[{"href":"https:\/\/rubi.com.py\/index.php\/wp-json\/wp\/v2\/types\/product"}],"replies":[{"embeddable":true,"href":"https:\/\/rubi.com.py\/index.php\/wp-json\/wp\/v2\/comments?post=570"}],"wp:featuredmedia":[{"embeddable":true,"href":"https:\/\/rubi.com.py\/index.php\/wp-json\/wp\/v2\/media\/4653"}],"wp:attachment":[{"href":"https:\/\/rubi.com.py\/index.php\/wp-json\/wp\/v2\/media?parent=570"}],"wp:term":[{"taxonomy":"product_brand","embeddable":true,"href":"https:\/\/rubi.com.py\/index.php\/wp-json\/wp\/v2\/product_brand?post=570"},{"taxonomy":"product_cat","embeddable":true,"href":"https:\/\/rubi.com.py\/index.php\/wp-json\/wp\/v2\/product_cat?post=570"},{"taxonomy":"product_tag","embeddable":true,"href":"https:\/\/rubi.com.py\/index.php\/wp-json\/wp\/v2\/product_tag?post=570"}],"curies":[{"name":"wp","href":"https:\/\/api.w.org\/{rel}","templated":true}]}}