{"id":572,"date":"2025-10-06T18:06:12","date_gmt":"2025-10-06T16:06:12","guid":{"rendered":"https:\/\/rubi.com.py\/index.php\/producto\/purificador-de-aire-y-desinfectante-de-superficies-mod-s140uv\/"},"modified":"2026-04-20T22:29:33","modified_gmt":"2026-04-20T20:29:33","slug":"purificador-de-aire-y-desinfectante-de-superficies-mod-s140uv","status":"publish","type":"product","link":"https:\/\/rubi.com.py\/index.php\/producto\/purificador-de-aire-y-desinfectante-de-superficies-mod-s140uv\/","title":{"rendered":"PURIFICADOR DE AIRE Y DESINFECTANTE DE SUPERFICIES MOD. S140UV"},"content":{"rendered":"<p>* Purifica y desinfecta trabajando en sinerg\u00eda su tecnolog\u00eda con la oxidaci\u00f3n e ionizaci\u00f3n fotocatal\u00edtica ( Ioniza &#8211; desodoriza &#8211; desinfecta &#8211; oxigena ) el espacio donde se utiliza. * Elegante, peque\u00f1o, ligero, transportable\u00bf. Te cuida a t\u00ed y a los tuyos en cualquier espacio y lugar. Glaziar PCO Technology Dise\u00f1ado para desinfectar y purificar sus espacios, en silencio durante 24 horas, los 7 d\u00edas de la semana, ecol\u00f3gico, f\u00e1cil mantenimiento y con un gasto el\u00e9ctrico inapreciable. * Modos de trabajo Modo Normal ( 1-2-3 ) que utiliza la Glaziar PCO Technology para producir niveles bajos de oxidantes naturales e iones super\u00f3xidos para su uso diario con personas y animales en el interior. Modo Away con temporizador de 2 horas, que aumenta la generaci\u00f3n de ox\u00edgeno activo para una eficacia en espacios desocupados de hasta 140m\u00b2. * Especialmente indicado para Eliminaci\u00f3n al 99,99% de virus, microbios, moho, bacterias, hongos, olores, gases, humos, part\u00edculas de piel muerta, \u00e1caros , esporas, caspa animales. Personas con problemas respiratorios de asma, sinusitis, alergias e infecciones respiratorias. * Peso 2 kg. MEDIDAS DEL PRODUCTO. * Ancho 27 cm. * Alto 23.5 cm. * Largo 24.5 cm. Im\u00e1genes meramente ilustrativas. Im\u00e1genes e informaci\u00f3n sujetas a cambios sin previo aviso. Detalles t\u00e9cnicos: \u2022 ANCHO: 27 CM \u2022 ALTO: 23,5 CM \u2022 LARGO: 24,5 CM \u2022 PESO: 2000 GR<\/p>\n","protected":false},"excerpt":{"rendered":"<p>* Purifica y desinfecta trabajando en sinerg\u00eda su tecnolog\u00eda con la oxidaci\u00f3n e ionizaci\u00f3n fotocatal\u00edtica ( Ioniza &#8211; desodoriza &#8211; desinfecta &#8211; oxigena ) el espacio donde se utiliza. * Elegante, peque\u00f1o, ligero, transportable\u00bf. Te cuida a t\u00ed y a los tuyos en cualquier espacio y lugar. Glaziar PCO Technology Dise\u00f1ado para desinfectar y purificar sus espacios, en silencio durante 24 horas, los 7 d\u00edas de la semana, ecol\u00f3gico, f\u00e1cil mantenimiento y con un gasto el\u00e9ctrico inapreciable. * Modos de trabajo Modo Normal ( 1-2-3 ) que utiliza la Glaziar PCO Technology para producir niveles bajos de oxidantes naturales e iones super\u00f3xidos para su uso diario con personas y animales en el interior. Modo Away con temporizador de 2 horas, que aumenta la generaci\u00f3n de ox\u00edgeno activo para una eficacia en espacios desocupados de hasta 140m\u00b2. * Especialmente indicado para Eliminaci\u00f3n al 99,99% de virus, microbios, moho, bacterias, hongos, olores, gases, humos, part\u00edculas de piel muerta, \u00e1caros , esporas, caspa animales. Personas con problemas respiratorios de asma, sinusitis, alergias e infecciones respiratorias. * Peso 2 kg. MEDIDAS DEL PRODUCTO. * Ancho 27 cm. * Alto 23.5 cm. * Largo 24.5 cm. Im\u00e1genes meramente ilustrativas. Im\u00e1genes e informaci\u00f3n sujetas a cambios sin previo aviso.<\/p>\n","protected":false},"featured_media":4652,"comment_status":"open","ping_status":"closed","template":"","meta":{"_et_pb_use_builder":"","_et_pb_old_content":"","_et_gb_content_width":""},"product_brand":[],"product_cat":[38],"product_tag":[],"class_list":{"0":"post-572","1":"product","2":"type-product","3":"status-publish","4":"has-post-thumbnail","6":"product_cat-hogar-y-limpieza","8":"first","9":"instock","10":"shipping-taxable","11":"purchasable","12":"product-type-simple"},"_links":{"self":[{"href":"https:\/\/rubi.com.py\/index.php\/wp-json\/wp\/v2\/product\/572","targetHints":{"allow":["GET"]}}],"collection":[{"href":"https:\/\/rubi.com.py\/index.php\/wp-json\/wp\/v2\/product"}],"about":[{"href":"https:\/\/rubi.com.py\/index.php\/wp-json\/wp\/v2\/types\/product"}],"replies":[{"embeddable":true,"href":"https:\/\/rubi.com.py\/index.php\/wp-json\/wp\/v2\/comments?post=572"}],"wp:featuredmedia":[{"embeddable":true,"href":"https:\/\/rubi.com.py\/index.php\/wp-json\/wp\/v2\/media\/4652"}],"wp:attachment":[{"href":"https:\/\/rubi.com.py\/index.php\/wp-json\/wp\/v2\/media?parent=572"}],"wp:term":[{"taxonomy":"product_brand","embeddable":true,"href":"https:\/\/rubi.com.py\/index.php\/wp-json\/wp\/v2\/product_brand?post=572"},{"taxonomy":"product_cat","embeddable":true,"href":"https:\/\/rubi.com.py\/index.php\/wp-json\/wp\/v2\/product_cat?post=572"},{"taxonomy":"product_tag","embeddable":true,"href":"https:\/\/rubi.com.py\/index.php\/wp-json\/wp\/v2\/product_tag?post=572"}],"curies":[{"name":"wp","href":"https:\/\/api.w.org\/{rel}","templated":true}]}}