{"id":575,"date":"2025-10-06T18:10:37","date_gmt":"2025-10-06T16:10:37","guid":{"rendered":"https:\/\/rubi.com.py\/index.php\/producto\/procesador-moulinex-fresh-express-3-en-1-mod-dj753500-dj753510-150-watts\/"},"modified":"2026-04-20T22:41:02","modified_gmt":"2026-04-20T20:41:02","slug":"procesador-moulinex-fresh-express-3-en-1-mod-dj753500-dj753510-150-watts","status":"publish","type":"product","link":"https:\/\/rubi.com.py\/index.php\/producto\/procesador-moulinex-fresh-express-3-en-1-mod-dj753500-dj753510-150-watts\/","title":{"rendered":"PROCESADOR MOULINEX FRESH EXPRESS 3 EN 1 MOD DJ753500\/DJ753510 150 WATTS"},"content":{"rendered":"<p>* Almacenamiento de cable integrado. * Con conos intercambiables. * Ideal para rallar y rebanar. * Potencia 200W. * Compacto. Im\u00e1genes meramente ilustrativas. Im\u00e1genes e informaci\u00f3n sujetas a cambios sin previo aviso. Detalles t\u00e9cnicos: \u2022 ANCHO: 19 CM \u2022 ALTO: 24 CM \u2022 LARGO: 25 CM \u2022 PESO: 1830 GR<\/p>\n","protected":false},"excerpt":{"rendered":"<p>* Almacenamiento de cable integrado. * Con conos intercambiables. * Ideal para rallar y rebanar. * Potencia 200W. * Compacto. Im\u00e1genes meramente ilustrativas. Im\u00e1genes e informaci\u00f3n sujetas a cambios sin previo aviso.<\/p>\n","protected":false},"featured_media":4670,"comment_status":"open","ping_status":"closed","template":"","meta":{"_et_pb_use_builder":"","_et_pb_old_content":"","_et_gb_content_width":""},"product_brand":[],"product_cat":[33],"product_tag":[],"class_list":{"0":"post-575","1":"product","2":"type-product","3":"status-publish","4":"has-post-thumbnail","6":"product_cat-cocina-y-comedor","8":"first","9":"instock","10":"shipping-taxable","11":"purchasable","12":"product-type-simple"},"_links":{"self":[{"href":"https:\/\/rubi.com.py\/index.php\/wp-json\/wp\/v2\/product\/575","targetHints":{"allow":["GET"]}}],"collection":[{"href":"https:\/\/rubi.com.py\/index.php\/wp-json\/wp\/v2\/product"}],"about":[{"href":"https:\/\/rubi.com.py\/index.php\/wp-json\/wp\/v2\/types\/product"}],"replies":[{"embeddable":true,"href":"https:\/\/rubi.com.py\/index.php\/wp-json\/wp\/v2\/comments?post=575"}],"wp:featuredmedia":[{"embeddable":true,"href":"https:\/\/rubi.com.py\/index.php\/wp-json\/wp\/v2\/media\/4670"}],"wp:attachment":[{"href":"https:\/\/rubi.com.py\/index.php\/wp-json\/wp\/v2\/media?parent=575"}],"wp:term":[{"taxonomy":"product_brand","embeddable":true,"href":"https:\/\/rubi.com.py\/index.php\/wp-json\/wp\/v2\/product_brand?post=575"},{"taxonomy":"product_cat","embeddable":true,"href":"https:\/\/rubi.com.py\/index.php\/wp-json\/wp\/v2\/product_cat?post=575"},{"taxonomy":"product_tag","embeddable":true,"href":"https:\/\/rubi.com.py\/index.php\/wp-json\/wp\/v2\/product_tag?post=575"}],"curies":[{"name":"wp","href":"https:\/\/api.w.org\/{rel}","templated":true}]}}