{"id":577,"date":"2025-10-06T18:11:00","date_gmt":"2025-10-06T16:11:00","guid":{"rendered":"https:\/\/rubi.com.py\/index.php\/producto\/procesador-moulinex-easy-soup-mod-lm841110\/"},"modified":"2026-04-20T22:40:40","modified_gmt":"2026-04-20T20:40:40","slug":"procesador-moulinex-easy-soup-mod-lm841110","status":"publish","type":"product","link":"https:\/\/rubi.com.py\/index.php\/producto\/procesador-moulinex-easy-soup-mod-lm841110\/","title":{"rendered":"PROCESADOR MOULINEX EASY SOUP MOD. LM841110"},"content":{"rendered":"<p>* 4 Programas autom\u00e1ticos Crema, sopas, Compotas y preparaciones fr\u00edas. * Cocina y procesa 100% Autom\u00e1ticamente. * Mantiene caliente durante 40 minutos. * Panel f\u00e1cil. * Programa de limpieza f\u00e1cil. * Potencia 1.000 W. * Capacidad de 4,5 litros, 4 personas. IMAGEN ILUSTRATIVA. Detalles t\u00e9cnicos: \u2022 ANCHO: 22 CM \u2022 ALTO: 40 CM \u2022 LARGO: 22 CM \u2022 PESO: 3600 GR<\/p>\n","protected":false},"excerpt":{"rendered":"<p>* 4 Programas autom\u00e1ticos Crema, sopas, Compotas y preparaciones fr\u00edas. * Cocina y procesa 100% Autom\u00e1ticamente. * Mantiene caliente durante 40 minutos. * Panel f\u00e1cil. * Programa de limpieza f\u00e1cil. * Potencia 1.000 W. * Capacidad de 4,5 litros, 4 personas. IMAGEN ILUSTRATIVA.<\/p>\n","protected":false},"featured_media":4669,"comment_status":"open","ping_status":"closed","template":"","meta":{"_et_pb_use_builder":"","_et_pb_old_content":"","_et_gb_content_width":""},"product_brand":[],"product_cat":[33],"product_tag":[],"class_list":{"0":"post-577","1":"product","2":"type-product","3":"status-publish","4":"has-post-thumbnail","6":"product_cat-cocina-y-comedor","8":"first","9":"instock","10":"shipping-taxable","11":"purchasable","12":"product-type-simple"},"_links":{"self":[{"href":"https:\/\/rubi.com.py\/index.php\/wp-json\/wp\/v2\/product\/577","targetHints":{"allow":["GET"]}}],"collection":[{"href":"https:\/\/rubi.com.py\/index.php\/wp-json\/wp\/v2\/product"}],"about":[{"href":"https:\/\/rubi.com.py\/index.php\/wp-json\/wp\/v2\/types\/product"}],"replies":[{"embeddable":true,"href":"https:\/\/rubi.com.py\/index.php\/wp-json\/wp\/v2\/comments?post=577"}],"wp:featuredmedia":[{"embeddable":true,"href":"https:\/\/rubi.com.py\/index.php\/wp-json\/wp\/v2\/media\/4669"}],"wp:attachment":[{"href":"https:\/\/rubi.com.py\/index.php\/wp-json\/wp\/v2\/media?parent=577"}],"wp:term":[{"taxonomy":"product_brand","embeddable":true,"href":"https:\/\/rubi.com.py\/index.php\/wp-json\/wp\/v2\/product_brand?post=577"},{"taxonomy":"product_cat","embeddable":true,"href":"https:\/\/rubi.com.py\/index.php\/wp-json\/wp\/v2\/product_cat?post=577"},{"taxonomy":"product_tag","embeddable":true,"href":"https:\/\/rubi.com.py\/index.php\/wp-json\/wp\/v2\/product_tag?post=577"}],"curies":[{"name":"wp","href":"https:\/\/api.w.org\/{rel}","templated":true}]}}