{"id":579,"date":"2025-10-06T18:11:42","date_gmt":"2025-10-06T16:11:42","guid":{"rendered":"https:\/\/rubi.com.py\/index.php\/producto\/procesador-arno-multichef-7-en-1-mod-do165hb2-negro-700w\/"},"modified":"2026-04-20T22:40:19","modified_gmt":"2026-04-20T20:40:19","slug":"procesador-arno-multichef-7-en-1-mod-do165hb2-negro-700w","status":"publish","type":"product","link":"https:\/\/rubi.com.py\/index.php\/producto\/procesador-arno-multichef-7-en-1-mod-do165hb2-negro-700w\/","title":{"rendered":"PROCESADOR ARNO MULTICHEF 7 EN 1 MOD DO165HB2 NEGRO 700W"},"content":{"rendered":"<p>* 24 funciones para una M\u00e1xima Versatilidad. * Capacidad de la jarra con un total de 3,1L. * Accesorios extra\u00edbles y f\u00e1ciles de limpiar. * Capacidad del recipiente de 1,5L. * Potencia 700W. * 2 velocidades. * 7 accesorios. Im\u00e1genes meramente ilustrativas. Im\u00e1genes e informaci\u00f3n sujetas a cambios sin previo aviso. Detalles t\u00e9cnicos: \u2022 ANCHO: 20 CM \u2022 ALTO: 33 CM \u2022 LARGO: 40 CM \u2022 PESO: 1900 GR<\/p>\n","protected":false},"excerpt":{"rendered":"<p>* 24 funciones para una M\u00e1xima Versatilidad. * Capacidad de la jarra con un total de 3,1L. * Accesorios extra\u00edbles y f\u00e1ciles de limpiar. * Capacidad del recipiente de 1,5L. * Potencia 700W. * 2 velocidades. * 7 accesorios. Im\u00e1genes meramente ilustrativas. Im\u00e1genes e informaci\u00f3n sujetas a cambios sin previo aviso.<\/p>\n","protected":false},"featured_media":4668,"comment_status":"open","ping_status":"closed","template":"","meta":{"_et_pb_use_builder":"","_et_pb_old_content":"","_et_gb_content_width":""},"product_brand":[],"product_cat":[33],"product_tag":[],"class_list":{"0":"post-579","1":"product","2":"type-product","3":"status-publish","4":"has-post-thumbnail","6":"product_cat-cocina-y-comedor","8":"first","9":"instock","10":"shipping-taxable","11":"purchasable","12":"product-type-simple"},"_links":{"self":[{"href":"https:\/\/rubi.com.py\/index.php\/wp-json\/wp\/v2\/product\/579","targetHints":{"allow":["GET"]}}],"collection":[{"href":"https:\/\/rubi.com.py\/index.php\/wp-json\/wp\/v2\/product"}],"about":[{"href":"https:\/\/rubi.com.py\/index.php\/wp-json\/wp\/v2\/types\/product"}],"replies":[{"embeddable":true,"href":"https:\/\/rubi.com.py\/index.php\/wp-json\/wp\/v2\/comments?post=579"}],"wp:featuredmedia":[{"embeddable":true,"href":"https:\/\/rubi.com.py\/index.php\/wp-json\/wp\/v2\/media\/4668"}],"wp:attachment":[{"href":"https:\/\/rubi.com.py\/index.php\/wp-json\/wp\/v2\/media?parent=579"}],"wp:term":[{"taxonomy":"product_brand","embeddable":true,"href":"https:\/\/rubi.com.py\/index.php\/wp-json\/wp\/v2\/product_brand?post=579"},{"taxonomy":"product_cat","embeddable":true,"href":"https:\/\/rubi.com.py\/index.php\/wp-json\/wp\/v2\/product_cat?post=579"},{"taxonomy":"product_tag","embeddable":true,"href":"https:\/\/rubi.com.py\/index.php\/wp-json\/wp\/v2\/product_tag?post=579"}],"curies":[{"name":"wp","href":"https:\/\/api.w.org\/{rel}","templated":true}]}}