{"id":583,"date":"2025-10-06T18:12:30","date_gmt":"2025-10-06T16:12:30","guid":{"rendered":"https:\/\/rubi.com.py\/index.php\/producto\/planchita-estilizador-3en1-remington-s16a-alisador-rizador-ondulador-shine-thera\/"},"modified":"2026-04-20T22:39:33","modified_gmt":"2026-04-20T20:39:33","slug":"planchita-estilizador-3en1-remington-s16a-alisador-rizador-ondulador-shine-thera","status":"publish","type":"product","link":"https:\/\/rubi.com.py\/index.php\/producto\/planchita-estilizador-3en1-remington-s16a-alisador-rizador-ondulador-shine-thera\/","title":{"rendered":"PLANCHITA ESTILIZADOR 3EN1 REMINGTON S16A ALISADOR RIZADOR ONDULADOR SHINE THERA"},"content":{"rendered":"<p>* Placas flotantes recubiertas de cer\u00e1mica con microacondicionadores de aguacate y macadamia. * Bot\u00f3n de encendido y apagado ubicado en el interior. * Temperatura m\u00e1xima de sal\u00f3n de 230\u00b0 C 450\u00b0 F. * Funci\u00f3n de memoria de temperatura. * Luz indicadora de encendido. * Placas de 25 mm x 100 mm. * 5 niveles de temperatura. * Calentamiento r\u00e1pido. * Apagado autom\u00e1tico. * Cierre de seguridad. * Cable de 1.8 m. * Pantalla digital. * Punta fr\u00eda. Im\u00e1genes meramente ilustrativas. Im\u00e1genes e informaci\u00f3n sujetas a cambios sin previo aviso. Detalles t\u00e9cnicos: \u2022 ANCHO: 37,5 CM \u2022 ALTO: 28,7 CM \u2022 LARGO: 37,5 CM \u2022 PESO: 2205 GR<\/p>\n","protected":false},"excerpt":{"rendered":"<p>* Placas flotantes recubiertas de cer\u00e1mica con microacondicionadores de aguacate y macadamia. * Bot\u00f3n de encendido y apagado ubicado en el interior. * Temperatura m\u00e1xima de sal\u00f3n de 230\u00b0 C 450\u00b0 F. * Funci\u00f3n de memoria de temperatura. * Luz indicadora de encendido. * Placas de 25 mm x 100 mm. * 5 niveles de temperatura. * Calentamiento r\u00e1pido. * Apagado autom\u00e1tico. * Cierre de seguridad. * Cable de 1.8 m. * Pantalla digital. * Punta fr\u00eda. Im\u00e1genes meramente ilustrativas. Im\u00e1genes e informaci\u00f3n sujetas a cambios sin previo aviso.<\/p>\n","protected":false},"featured_media":4666,"comment_status":"open","ping_status":"closed","template":"","meta":{"_et_pb_use_builder":"","_et_pb_old_content":"","_et_gb_content_width":""},"product_brand":[],"product_cat":[45],"product_tag":[],"class_list":{"0":"post-583","1":"product","2":"type-product","3":"status-publish","4":"has-post-thumbnail","6":"product_cat-salud-y-belleza","8":"first","9":"instock","10":"shipping-taxable","11":"purchasable","12":"product-type-simple"},"_links":{"self":[{"href":"https:\/\/rubi.com.py\/index.php\/wp-json\/wp\/v2\/product\/583","targetHints":{"allow":["GET"]}}],"collection":[{"href":"https:\/\/rubi.com.py\/index.php\/wp-json\/wp\/v2\/product"}],"about":[{"href":"https:\/\/rubi.com.py\/index.php\/wp-json\/wp\/v2\/types\/product"}],"replies":[{"embeddable":true,"href":"https:\/\/rubi.com.py\/index.php\/wp-json\/wp\/v2\/comments?post=583"}],"wp:featuredmedia":[{"embeddable":true,"href":"https:\/\/rubi.com.py\/index.php\/wp-json\/wp\/v2\/media\/4666"}],"wp:attachment":[{"href":"https:\/\/rubi.com.py\/index.php\/wp-json\/wp\/v2\/media?parent=583"}],"wp:term":[{"taxonomy":"product_brand","embeddable":true,"href":"https:\/\/rubi.com.py\/index.php\/wp-json\/wp\/v2\/product_brand?post=583"},{"taxonomy":"product_cat","embeddable":true,"href":"https:\/\/rubi.com.py\/index.php\/wp-json\/wp\/v2\/product_cat?post=583"},{"taxonomy":"product_tag","embeddable":true,"href":"https:\/\/rubi.com.py\/index.php\/wp-json\/wp\/v2\/product_tag?post=583"}],"curies":[{"name":"wp","href":"https:\/\/api.w.org\/{rel}","templated":true}]}}