{"id":585,"date":"2025-10-06T18:12:51","date_gmt":"2025-10-06T16:12:51","guid":{"rendered":"https:\/\/rubi.com.py\/index.php\/producto\/plancha-tokyo-mod-toksolida\/"},"modified":"2026-04-20T22:39:13","modified_gmt":"2026-04-20T20:39:13","slug":"plancha-tokyo-mod-toksolida","status":"publish","type":"product","link":"https:\/\/rubi.com.py\/index.php\/producto\/plancha-tokyo-mod-toksolida\/","title":{"rendered":"PLANCHA TOKYO MOD TOKSOLIDA"},"content":{"rendered":"<p>* Temperatura regulable. * Para 6 tipos de tejidos. * Con base de aluminio. * Potencia 1000W. Im\u00e1genes meramente ilustrativas. Im\u00e1genes e informaci\u00f3n sujetas a cambios sin previo aviso. Detalles t\u00e9cnicos: \u2022 ANCHO: 12 CM \u2022 ALTO: 12,5 CM \u2022 LARGO: 24 CM \u2022 PESO: 1300 GR<\/p>\n","protected":false},"excerpt":{"rendered":"<p>* Temperatura regulable. * Para 6 tipos de tejidos. * Con base de aluminio. * Potencia 1000W. Im\u00e1genes meramente ilustrativas. Im\u00e1genes e informaci\u00f3n sujetas a cambios sin previo aviso.<\/p>\n","protected":false},"featured_media":4665,"comment_status":"open","ping_status":"closed","template":"","meta":{"_et_pb_use_builder":"","_et_pb_old_content":"","_et_gb_content_width":""},"product_brand":[],"product_cat":[41],"product_tag":[],"class_list":{"0":"post-585","1":"product","2":"type-product","3":"status-publish","4":"has-post-thumbnail","6":"product_cat-lavado-y-cuidado-de-prendas","8":"first","9":"instock","10":"shipping-taxable","11":"purchasable","12":"product-type-simple"},"_links":{"self":[{"href":"https:\/\/rubi.com.py\/index.php\/wp-json\/wp\/v2\/product\/585","targetHints":{"allow":["GET"]}}],"collection":[{"href":"https:\/\/rubi.com.py\/index.php\/wp-json\/wp\/v2\/product"}],"about":[{"href":"https:\/\/rubi.com.py\/index.php\/wp-json\/wp\/v2\/types\/product"}],"replies":[{"embeddable":true,"href":"https:\/\/rubi.com.py\/index.php\/wp-json\/wp\/v2\/comments?post=585"}],"wp:featuredmedia":[{"embeddable":true,"href":"https:\/\/rubi.com.py\/index.php\/wp-json\/wp\/v2\/media\/4665"}],"wp:attachment":[{"href":"https:\/\/rubi.com.py\/index.php\/wp-json\/wp\/v2\/media?parent=585"}],"wp:term":[{"taxonomy":"product_brand","embeddable":true,"href":"https:\/\/rubi.com.py\/index.php\/wp-json\/wp\/v2\/product_brand?post=585"},{"taxonomy":"product_cat","embeddable":true,"href":"https:\/\/rubi.com.py\/index.php\/wp-json\/wp\/v2\/product_cat?post=585"},{"taxonomy":"product_tag","embeddable":true,"href":"https:\/\/rubi.com.py\/index.php\/wp-json\/wp\/v2\/product_tag?post=585"}],"curies":[{"name":"wp","href":"https:\/\/api.w.org\/{rel}","templated":true}]}}