{"id":588,"date":"2025-10-06T18:13:47","date_gmt":"2025-10-06T16:13:47","guid":{"rendered":"https:\/\/rubi.com.py\/index.php\/producto\/plancha-seca-arno-drygliss-1100w\/"},"modified":"2026-04-20T22:36:52","modified_gmt":"2026-04-20T20:36:52","slug":"plancha-seca-arno-drygliss-1100w","status":"publish","type":"product","link":"https:\/\/rubi.com.py\/index.php\/producto\/plancha-seca-arno-drygliss-1100w\/","title":{"rendered":"PLANCHA SECA ARNO DRYGLISS 1100W"},"content":{"rendered":"<p>* Protege los botones de tu ropa y permite un acabado perfecto. * 3 niveles de temperatura para planchar todo tipo de tejidos. * Solo 604g para planchar la ropa con ligereza y confort. * Cable con rotaci\u00f3n de 360 grados y 1,8m de largo. * Calentamiento r\u00e1pido y planchado eficiente. * Elimina incluso zonas de dif\u00edcil acceso. * Mayor ergonom\u00eda y confort. * Potencia 1100 W. Im\u00e1genes meramente ilustrativas. Im\u00e1genes e informaci\u00f3n sujetas a cambios sin previo aviso. Detalles t\u00e9cnicos: \u2022 ANCHO: 28,5 CM \u2022 ALTO: 15 CM \u2022 LARGO: 12,5 CM \u2022 PESO: GR<\/p>\n","protected":false},"excerpt":{"rendered":"<p>* Protege los botones de tu ropa y permite un acabado perfecto. * 3 niveles de temperatura para planchar todo tipo de tejidos. * Solo 604g para planchar la ropa con ligereza y confort. * Cable con rotaci\u00f3n de 360 grados y 1,8m de largo. * Calentamiento r\u00e1pido y planchado eficiente. * Elimina incluso zonas de dif\u00edcil acceso. * Mayor ergonom\u00eda y confort. * Potencia 1100 W. Im\u00e1genes meramente ilustrativas. Im\u00e1genes e informaci\u00f3n sujetas a cambios sin previo aviso.<\/p>\n","protected":false},"featured_media":4663,"comment_status":"open","ping_status":"closed","template":"","meta":{"_et_pb_use_builder":"","_et_pb_old_content":"","_et_gb_content_width":""},"product_brand":[],"product_cat":[41],"product_tag":[],"class_list":{"0":"post-588","1":"product","2":"type-product","3":"status-publish","4":"has-post-thumbnail","6":"product_cat-lavado-y-cuidado-de-prendas","8":"first","9":"instock","10":"shipping-taxable","11":"purchasable","12":"product-type-simple"},"_links":{"self":[{"href":"https:\/\/rubi.com.py\/index.php\/wp-json\/wp\/v2\/product\/588","targetHints":{"allow":["GET"]}}],"collection":[{"href":"https:\/\/rubi.com.py\/index.php\/wp-json\/wp\/v2\/product"}],"about":[{"href":"https:\/\/rubi.com.py\/index.php\/wp-json\/wp\/v2\/types\/product"}],"replies":[{"embeddable":true,"href":"https:\/\/rubi.com.py\/index.php\/wp-json\/wp\/v2\/comments?post=588"}],"wp:featuredmedia":[{"embeddable":true,"href":"https:\/\/rubi.com.py\/index.php\/wp-json\/wp\/v2\/media\/4663"}],"wp:attachment":[{"href":"https:\/\/rubi.com.py\/index.php\/wp-json\/wp\/v2\/media?parent=588"}],"wp:term":[{"taxonomy":"product_brand","embeddable":true,"href":"https:\/\/rubi.com.py\/index.php\/wp-json\/wp\/v2\/product_brand?post=588"},{"taxonomy":"product_cat","embeddable":true,"href":"https:\/\/rubi.com.py\/index.php\/wp-json\/wp\/v2\/product_cat?post=588"},{"taxonomy":"product_tag","embeddable":true,"href":"https:\/\/rubi.com.py\/index.php\/wp-json\/wp\/v2\/product_tag?post=588"}],"curies":[{"name":"wp","href":"https:\/\/api.w.org\/{rel}","templated":true}]}}