{"id":590,"date":"2025-10-06T18:14:06","date_gmt":"2025-10-06T16:14:06","guid":{"rendered":"https:\/\/rubi.com.py\/index.php\/producto\/plancha-a-vapor-arno-ultragliss-plus-mod-fmy-2350w\/"},"modified":"2026-04-20T22:36:35","modified_gmt":"2026-04-20T20:36:35","slug":"plancha-a-vapor-arno-ultragliss-plus-mod-fmy-2350w","status":"publish","type":"product","link":"https:\/\/rubi.com.py\/index.php\/producto\/plancha-a-vapor-arno-ultragliss-plus-mod-fmy-2350w\/","title":{"rendered":"PLANCHA A VAPOR ARNO ULTRAGLISS PLUS MOD FMY 2350W"},"content":{"rendered":"<p>* Salidas de vapor 17-26 g-minuto. * Comp. Cable (metros) 200cm. * Potencia 1520 W. MEDIDAS DEL PRODUCTO. * Ancho 15,5 cent\u00edmetros. * Altura 18,0 cm. * Profundidad 33,2 cent\u00edmetros. Im\u00e1genes meramente ilustrativas. Im\u00e1genes e informaci\u00f3n sujetas a cambios sin previo aviso. Detalles t\u00e9cnicos: \u2022 ANCHO: 29,5 CM \u2022 ALTO: 15,5 CM \u2022 LARGO: 13 CM \u2022 PESO: 1210 GR<\/p>\n","protected":false},"excerpt":{"rendered":"<p>* Salidas de vapor 17-26 g-minuto. * Comp. Cable (metros) 200cm. * Potencia 1520 W. MEDIDAS DEL PRODUCTO. * Ancho 15,5 cent\u00edmetros. * Altura 18,0 cm. * Profundidad 33,2 cent\u00edmetros. Im\u00e1genes meramente ilustrativas. Im\u00e1genes e informaci\u00f3n sujetas a cambios sin previo aviso.<\/p>\n","protected":false},"featured_media":4662,"comment_status":"open","ping_status":"closed","template":"","meta":{"_et_pb_use_builder":"","_et_pb_old_content":"","_et_gb_content_width":""},"product_brand":[],"product_cat":[41],"product_tag":[],"class_list":{"0":"post-590","1":"product","2":"type-product","3":"status-publish","4":"has-post-thumbnail","6":"product_cat-lavado-y-cuidado-de-prendas","8":"first","9":"instock","10":"shipping-taxable","11":"purchasable","12":"product-type-simple"},"_links":{"self":[{"href":"https:\/\/rubi.com.py\/index.php\/wp-json\/wp\/v2\/product\/590","targetHints":{"allow":["GET"]}}],"collection":[{"href":"https:\/\/rubi.com.py\/index.php\/wp-json\/wp\/v2\/product"}],"about":[{"href":"https:\/\/rubi.com.py\/index.php\/wp-json\/wp\/v2\/types\/product"}],"replies":[{"embeddable":true,"href":"https:\/\/rubi.com.py\/index.php\/wp-json\/wp\/v2\/comments?post=590"}],"wp:featuredmedia":[{"embeddable":true,"href":"https:\/\/rubi.com.py\/index.php\/wp-json\/wp\/v2\/media\/4662"}],"wp:attachment":[{"href":"https:\/\/rubi.com.py\/index.php\/wp-json\/wp\/v2\/media?parent=590"}],"wp:term":[{"taxonomy":"product_brand","embeddable":true,"href":"https:\/\/rubi.com.py\/index.php\/wp-json\/wp\/v2\/product_brand?post=590"},{"taxonomy":"product_cat","embeddable":true,"href":"https:\/\/rubi.com.py\/index.php\/wp-json\/wp\/v2\/product_cat?post=590"},{"taxonomy":"product_tag","embeddable":true,"href":"https:\/\/rubi.com.py\/index.php\/wp-json\/wp\/v2\/product_tag?post=590"}],"curies":[{"name":"wp","href":"https:\/\/api.w.org\/{rel}","templated":true}]}}