{"id":593,"date":"2025-10-06T18:22:27","date_gmt":"2025-10-06T16:22:27","guid":{"rendered":"https:\/\/rubi.com.py\/index.php\/producto\/plancha-a-vapor-arno-ultragliss-mod-fmv-1750w\/"},"modified":"2026-04-20T22:44:37","modified_gmt":"2026-04-20T20:44:37","slug":"plancha-a-vapor-arno-ultragliss-mod-fmv-1750w","status":"publish","type":"product","link":"https:\/\/rubi.com.py\/index.php\/producto\/plancha-a-vapor-arno-ultragliss-mod-fmv-1750w\/","title":{"rendered":"PLANCHA A VAPOR ARNO ULTRAGLISS MOD FMV 1750W"},"content":{"rendered":"<p>* Cantidad de vapor Continuo hasta 25 g-min y Extra Steam 110 g-min. * Vapor vertical, punta de precisi\u00f3n, sistema antigoteo. * Capacidad de agua en el embalse 270ml. * Salidas de vapor 67 hoyos activos. * Temperatura 70 a 215\u00baC. * Para todo tipo de ropa. * Potencia 1750W. * Voltaje 220V. MEDIDAS DEL PRODUCTO. * Ancho 15,5 cm. * Alto 18 cm. * Profundidad 33,2 cm. Im\u00e1genes meramente ilustrativas. Im\u00e1genes e informaci\u00f3n sujetas a cambios sin previo aviso. Detalles t\u00e9cnicos: \u2022 ANCHO: 29,5 CM \u2022 ALTO: 15,5 CM \u2022 LARGO: 13 CM \u2022 PESO: 1210 GR<\/p>\n","protected":false},"excerpt":{"rendered":"<p>* Cantidad de vapor Continuo hasta 25 g-min y Extra Steam 110 g-min. * Vapor vertical, punta de precisi\u00f3n, sistema antigoteo. * Capacidad de agua en el embalse 270ml. * Salidas de vapor 67 hoyos activos. * Temperatura 70 a 215\u00baC. * Para todo tipo de ropa. * Potencia 1750W. * Voltaje 220V. MEDIDAS DEL PRODUCTO. * Ancho 15,5 cm. * Alto 18 cm. * Profundidad 33,2 cm. Im\u00e1genes meramente ilustrativas. Im\u00e1genes e informaci\u00f3n sujetas a cambios sin previo aviso.<\/p>\n","protected":false},"featured_media":4682,"comment_status":"open","ping_status":"closed","template":"","meta":{"_et_pb_use_builder":"","_et_pb_old_content":"","_et_gb_content_width":""},"product_brand":[],"product_cat":[41],"product_tag":[],"class_list":{"0":"post-593","1":"product","2":"type-product","3":"status-publish","4":"has-post-thumbnail","6":"product_cat-lavado-y-cuidado-de-prendas","8":"first","9":"instock","10":"shipping-taxable","11":"purchasable","12":"product-type-simple"},"_links":{"self":[{"href":"https:\/\/rubi.com.py\/index.php\/wp-json\/wp\/v2\/product\/593","targetHints":{"allow":["GET"]}}],"collection":[{"href":"https:\/\/rubi.com.py\/index.php\/wp-json\/wp\/v2\/product"}],"about":[{"href":"https:\/\/rubi.com.py\/index.php\/wp-json\/wp\/v2\/types\/product"}],"replies":[{"embeddable":true,"href":"https:\/\/rubi.com.py\/index.php\/wp-json\/wp\/v2\/comments?post=593"}],"wp:featuredmedia":[{"embeddable":true,"href":"https:\/\/rubi.com.py\/index.php\/wp-json\/wp\/v2\/media\/4682"}],"wp:attachment":[{"href":"https:\/\/rubi.com.py\/index.php\/wp-json\/wp\/v2\/media?parent=593"}],"wp:term":[{"taxonomy":"product_brand","embeddable":true,"href":"https:\/\/rubi.com.py\/index.php\/wp-json\/wp\/v2\/product_brand?post=593"},{"taxonomy":"product_cat","embeddable":true,"href":"https:\/\/rubi.com.py\/index.php\/wp-json\/wp\/v2\/product_cat?post=593"},{"taxonomy":"product_tag","embeddable":true,"href":"https:\/\/rubi.com.py\/index.php\/wp-json\/wp\/v2\/product_tag?post=593"}],"curies":[{"name":"wp","href":"https:\/\/api.w.org\/{rel}","templated":true}]}}