{"id":598,"date":"2025-10-06T18:24:36","date_gmt":"2025-10-06T16:24:36","guid":{"rendered":"https:\/\/rubi.com.py\/index.php\/producto\/plancha-a-vapor-arno-ecogliss-mod-fv1741b2-220v\/"},"modified":"2026-04-20T22:43:57","modified_gmt":"2026-04-20T20:43:57","slug":"plancha-a-vapor-arno-ecogliss-mod-fv1741b2-220v","status":"publish","type":"product","link":"https:\/\/rubi.com.py\/index.php\/producto\/plancha-a-vapor-arno-ecogliss-mod-fv1741b2-220v\/","title":{"rendered":"PLANCHA A VAPOR ARNO ECOGLISS MOD FV1741B2 220V"},"content":{"rendered":"<p>* Tipo de material Pl\u00e1stico, aluminio, base de cer\u00e1mica. * Capacidad 200 ml. * Potencia 1740 W. * 220 V. Im\u00e1genes meramente ilustrativas. Im\u00e1genes e informaci\u00f3n sujetas a cambios sin previo aviso.. Detalles t\u00e9cnicos: \u2022 POTENCIA: 1740 Watts \u2022 ANCHO: 29,5 CM \u2022 ALTO: 15,5 CM \u2022 LARGO: 13 CM \u2022 PESO: 1210 GR<\/p>\n","protected":false},"excerpt":{"rendered":"<p>* Tipo de material Pl\u00e1stico, aluminio, base de cer\u00e1mica. * Capacidad 200 ml. * Potencia 1740 W. * 220 V. Im\u00e1genes meramente ilustrativas. Im\u00e1genes e informaci\u00f3n sujetas a cambios sin previo aviso..<\/p>\n","protected":false},"featured_media":4680,"comment_status":"open","ping_status":"closed","template":"","meta":{"_et_pb_use_builder":"","_et_pb_old_content":"","_et_gb_content_width":""},"product_brand":[],"product_cat":[41],"product_tag":[],"class_list":{"0":"post-598","1":"product","2":"type-product","3":"status-publish","4":"has-post-thumbnail","6":"product_cat-lavado-y-cuidado-de-prendas","8":"first","9":"instock","10":"shipping-taxable","11":"purchasable","12":"product-type-simple"},"_links":{"self":[{"href":"https:\/\/rubi.com.py\/index.php\/wp-json\/wp\/v2\/product\/598","targetHints":{"allow":["GET"]}}],"collection":[{"href":"https:\/\/rubi.com.py\/index.php\/wp-json\/wp\/v2\/product"}],"about":[{"href":"https:\/\/rubi.com.py\/index.php\/wp-json\/wp\/v2\/types\/product"}],"replies":[{"embeddable":true,"href":"https:\/\/rubi.com.py\/index.php\/wp-json\/wp\/v2\/comments?post=598"}],"wp:featuredmedia":[{"embeddable":true,"href":"https:\/\/rubi.com.py\/index.php\/wp-json\/wp\/v2\/media\/4680"}],"wp:attachment":[{"href":"https:\/\/rubi.com.py\/index.php\/wp-json\/wp\/v2\/media?parent=598"}],"wp:term":[{"taxonomy":"product_brand","embeddable":true,"href":"https:\/\/rubi.com.py\/index.php\/wp-json\/wp\/v2\/product_brand?post=598"},{"taxonomy":"product_cat","embeddable":true,"href":"https:\/\/rubi.com.py\/index.php\/wp-json\/wp\/v2\/product_cat?post=598"},{"taxonomy":"product_tag","embeddable":true,"href":"https:\/\/rubi.com.py\/index.php\/wp-json\/wp\/v2\/product_tag?post=598"}],"curies":[{"name":"wp","href":"https:\/\/api.w.org\/{rel}","templated":true}]}}