{"id":600,"date":"2025-10-06T18:25:00","date_gmt":"2025-10-06T16:25:00","guid":{"rendered":"https:\/\/rubi.com.py\/index.php\/producto\/placa-infrarroja-tokyo-con-asas-display-led-panel-touch-c-timer\/"},"modified":"2026-04-20T22:43:37","modified_gmt":"2026-04-20T20:43:37","slug":"placa-infrarroja-tokyo-con-asas-display-led-panel-touch-c-timer","status":"publish","type":"product","link":"https:\/\/rubi.com.py\/index.php\/producto\/placa-infrarroja-tokyo-con-asas-display-led-panel-touch-c-timer\/","title":{"rendered":"PLACA INFRARROJA TOKYO CON ASAS DISPLAY LED + PANEL TOUCH C\/TIMER"},"content":{"rendered":"<p>* Panel LED, con pantalla t\u00e1ctil. * Asas para f\u00e1cil transporte. * Bajo consumo de energ\u00eda. * Placa de vidrio resistente. * 8 niveles de temperatura. * Funci\u00f3n temporizador. * Bloqueo de seguridad. * 2.000 W de potencia. * 1 zona infrarroja. Im\u00e1genes meramente ilustrativas. Im\u00e1genes e informaci\u00f3n sujetas a cambios sin previo aviso. Detalles t\u00e9cnicos: \u2022 ANCHO: 9 CM \u2022 ALTO: 46,8 CM \u2022 LARGO: 35,5 CM \u2022 PESO: 17500 GR<\/p>\n","protected":false},"excerpt":{"rendered":"<p>* Panel LED, con pantalla t\u00e1ctil. * Asas para f\u00e1cil transporte. * Bajo consumo de energ\u00eda. * Placa de vidrio resistente. * 8 niveles de temperatura. * Funci\u00f3n temporizador. * Bloqueo de seguridad. * 2.000 W de potencia. * 1 zona infrarroja. Im\u00e1genes meramente ilustrativas. Im\u00e1genes e informaci\u00f3n sujetas a cambios sin previo aviso.<\/p>\n","protected":false},"featured_media":4679,"comment_status":"open","ping_status":"closed","template":"","meta":{"_et_pb_use_builder":"","_et_pb_old_content":"","_et_gb_content_width":""},"product_brand":[],"product_cat":[33],"product_tag":[],"class_list":{"0":"post-600","1":"product","2":"type-product","3":"status-publish","4":"has-post-thumbnail","6":"product_cat-cocina-y-comedor","8":"first","9":"instock","10":"shipping-taxable","11":"purchasable","12":"product-type-simple"},"_links":{"self":[{"href":"https:\/\/rubi.com.py\/index.php\/wp-json\/wp\/v2\/product\/600","targetHints":{"allow":["GET"]}}],"collection":[{"href":"https:\/\/rubi.com.py\/index.php\/wp-json\/wp\/v2\/product"}],"about":[{"href":"https:\/\/rubi.com.py\/index.php\/wp-json\/wp\/v2\/types\/product"}],"replies":[{"embeddable":true,"href":"https:\/\/rubi.com.py\/index.php\/wp-json\/wp\/v2\/comments?post=600"}],"wp:featuredmedia":[{"embeddable":true,"href":"https:\/\/rubi.com.py\/index.php\/wp-json\/wp\/v2\/media\/4679"}],"wp:attachment":[{"href":"https:\/\/rubi.com.py\/index.php\/wp-json\/wp\/v2\/media?parent=600"}],"wp:term":[{"taxonomy":"product_brand","embeddable":true,"href":"https:\/\/rubi.com.py\/index.php\/wp-json\/wp\/v2\/product_brand?post=600"},{"taxonomy":"product_cat","embeddable":true,"href":"https:\/\/rubi.com.py\/index.php\/wp-json\/wp\/v2\/product_cat?post=600"},{"taxonomy":"product_tag","embeddable":true,"href":"https:\/\/rubi.com.py\/index.php\/wp-json\/wp\/v2\/product_tag?post=600"}],"curies":[{"name":"wp","href":"https:\/\/api.w.org\/{rel}","templated":true}]}}